{"id":1088,"date":"2024-02-27T14:06:46","date_gmt":"2024-02-27T13:06:46","guid":{"rendered":"https:\/\/schlaeger.com\/?page_id=1088"},"modified":"2026-03-03T14:10:29","modified_gmt":"2026-03-03T13:10:29","slug":"qualitaet","status":"publish","type":"page","link":"https:\/\/schlaeger.com\/en\/qualitaet\/","title":{"rendered":"Quality"},"content":{"rendered":"<div data-elementor-type=\"wp-page\" data-elementor-id=\"1088\" class=\"elementor elementor-1088\" data-elementor-post-type=\"page\">\n\t\t\t\t<div class=\"elementor-element elementor-element-46dddd9 e-con-full e-flex e-con e-parent\" data-id=\"46dddd9\" data-element_type=\"container\" data-e-type=\"container\">\n\t\t<div class=\"elementor-element elementor-element-1497927b e-con-full e-flex e-con e-child\" data-id=\"1497927b\" data-element_type=\"container\" data-e-type=\"container\">\n\t\t\t\t<div class=\"elementor-element elementor-element-bf74442 elementor-widget elementor-widget-heading\" data-id=\"bf74442\" data-element_type=\"widget\" data-e-type=\"widget\" data-widget_type=\"heading.default\">\n\t\t\t\t<div class=\"elementor-widget-container\">\n\t\t\t\t\t<h2 class=\"elementor-heading-title elementor-size-default\"><p><span style=\"text-align: var(--text-align)\">Quality Assurance<\/span><\/p><p><span style=\"text-align: var(--text-align)\"><font color=\"#00a6d0\">in Series Production<\/font><\/span><span style=\"color: var( --e-global-color-primary );text-align: var(--text-align)\"><\/span><br><\/p><\/h2>\t\t\t\t<\/div>\n\t\t\t\t<\/div>\n\t\t\t\t<\/div>\n\t\t<div class=\"elementor-element elementor-element-7c09fa57 e-con-full e-flex e-con e-child\" data-id=\"7c09fa57\" data-element_type=\"container\" data-e-type=\"container\">\n\t\t\t\t<div class=\"elementor-element elementor-element-656adecf elementor-widget elementor-widget-text-editor\" data-id=\"656adecf\" data-element_type=\"widget\" data-e-type=\"widget\" data-widget_type=\"text-editor.default\">\n\t\t\t\t<div class=\"elementor-widget-container\">\n\t\t\t\t\t\t\t\t\t<p>At schlaeger, product development, process development, and validation are tightly interconnected. Even handcrafted prototypes undergo extensive testing with hundreds of characteristics checked. Many validations are performed in\u2011house; for all others, we rely on specialized external partners.<\/p>\t\t\t\t\t\t\t\t<\/div>\n\t\t\t\t<\/div>\n\t\t\t\t<\/div>\n\t\t<div class=\"elementor-element elementor-element-7d50aaea e-con-full e-flex e-con e-child\" data-id=\"7d50aaea\" data-element_type=\"container\" data-e-type=\"container\">\n\t\t\t\t<div class=\"elementor-element elementor-element-6cd50365 elementor-widget elementor-widget-image\" data-id=\"6cd50365\" data-element_type=\"widget\" data-e-type=\"widget\" data-widget_type=\"image.default\">\n\t\t\t\t<div class=\"elementor-widget-container\">\n\t\t\t\t\t\t\t\t\t\t\t\t\t\t\t<img fetchpriority=\"high\" decoding=\"async\" width=\"2560\" height=\"1707\" src=\"https:\/\/schlaeger.com\/wp-content\/uploads\/2024\/02\/Schlaeger_360-scaled.jpg\" class=\"attachment-full size-full wp-image-806\" alt=\"Qualit\u00e4tssicherung bei schlaeger\" srcset=\"https:\/\/schlaeger.com\/wp-content\/uploads\/2024\/02\/Schlaeger_360-scaled.jpg 2560w, https:\/\/schlaeger.com\/wp-content\/uploads\/2024\/02\/Schlaeger_360-300x200.jpg 300w, https:\/\/schlaeger.com\/wp-content\/uploads\/2024\/02\/Schlaeger_360-1024x683.jpg 1024w, https:\/\/schlaeger.com\/wp-content\/uploads\/2024\/02\/Schlaeger_360-768x512.jpg 768w, https:\/\/schlaeger.com\/wp-content\/uploads\/2024\/02\/Schlaeger_360-1536x1024.jpg 1536w, https:\/\/schlaeger.com\/wp-content\/uploads\/2024\/02\/Schlaeger_360-2048x1365.jpg 2048w\" sizes=\"(max-width: 2560px) 100vw, 2560px\" \/>\t\t\t\t\t\t\t\t\t\t\t\t\t\t\t<\/div>\n\t\t\t\t<\/div>\n\t\t\t\t<\/div>\n\t\t\t\t<\/div>\n\t\t<div class=\"elementor-element elementor-element-28df6297 e-con-full e-flex e-con e-parent\" data-id=\"28df6297\" data-element_type=\"container\" data-e-type=\"container\" data-settings=\"{&quot;background_background&quot;:&quot;classic&quot;}\">\n\t\t<div class=\"elementor-element elementor-element-7a359600 e-con-full e-flex e-con e-child\" data-id=\"7a359600\" data-element_type=\"container\" data-e-type=\"container\">\n\t\t\t\t<div class=\"elementor-element elementor-element-5801c814 elementor-widget elementor-widget-heading\" data-id=\"5801c814\" data-element_type=\"widget\" data-e-type=\"widget\" data-widget_type=\"heading.default\">\n\t\t\t\t<div class=\"elementor-widget-container\">\n\t\t\t\t\t<h2 class=\"elementor-heading-title elementor-size-default\"><p><span style=\"text-align: var(--text-align)\">Product &amp; Process<\/span><\/p><p><span style=\"text-align: var(--text-align)\"><font color=\"#00a6d0\">Validations<\/font><\/span><span style=\"color: var( --e-global-color-accent );text-align: var(--text-align)\"><\/span><\/p><\/h2>\t\t\t\t<\/div>\n\t\t\t\t<\/div>\n\t\t<div class=\"elementor-element elementor-element-6c303fbd e-con-full e-flex e-con e-child\" data-id=\"6c303fbd\" data-element_type=\"container\" data-e-type=\"container\">\n\t\t\t\t<div class=\"elementor-element elementor-element-102fbec elementor-widget elementor-widget-text-editor\" data-id=\"102fbec\" data-element_type=\"widget\" data-e-type=\"widget\" data-widget_type=\"text-editor.default\">\n\t\t\t\t<div class=\"elementor-widget-container\">\n\t\t\t\t\t\t\t\t\t<p class=\"translation-block\">Before a development at schlaeger is considered complete, all products and processes must pass extensive validations:<\/p><ul><li class=\"translation-block\">Intensive customer communication: joint measurements &amp; accelerated approval procedures<\/li><li><b>intensive Kundenkommunikation<\/b>: gemeinsame Vermessungen &amp; beschleunigte Freigabeverfahren<\/li><li class=\"translation-block\">Metallographic and mechanical analyses with documentation (internal\/external)<\/li><li class=\"translation-block\">Internal validations for individual process stages and processes (e.g., electrical connections)<\/li><li class=\"translation-block\">X-ray inspection and leak testing technology, residual contamination analyses (external)<\/li><li class=\"translation-block\">Evaluation of parts from customer validations<\/li><li class=\"translation-block\">Cooperation with institutes and universities (thermal shock and salt chamber tests, IR investigations)<\/li><\/ul>\t\t\t\t\t\t\t\t<\/div>\n\t\t\t\t<\/div>\n\t\t\t\t<\/div>\n\t\t\t\t<\/div>\n\t\t<div class=\"elementor-element elementor-element-7be5e113 e-con-full elementor-hidden-tablet elementor-hidden-mobile e-flex e-con e-child\" data-id=\"7be5e113\" data-element_type=\"container\" data-e-type=\"container\">\n\t\t\t\t<\/div>\n\t\t<div class=\"elementor-element elementor-element-24bc7369 e-con-full e-flex e-con e-child\" data-id=\"24bc7369\" data-element_type=\"container\" data-e-type=\"container\">\n\t\t\t\t<div class=\"elementor-element elementor-element-1ed1b0fd elementor-widget elementor-widget-text-editor\" data-id=\"1ed1b0fd\" data-element_type=\"widget\" data-e-type=\"widget\" data-widget_type=\"text-editor.default\">\n\t\t\t\t<div class=\"elementor-widget-container\">\n\t\t\t\t\t\t\t\t\t<p>Depending on the function of a component or assembly, we add further tests, for example:<\/p><ul><li>Salt spray or salt brine tests for media-tight parts<\/li><li>Temperature cycling tests<\/li><li>Validation of joining processes (resistance and laser welding)<\/li><li>Mechanical load tests, e.g., on contacts<\/li><li>Geometric validations for stability across the entire process<\/li><\/ul><p>\u00a0<\/p><p class=\"translation-block\">Prototypes must also pass these tests. Their results determine which dimensions and values are especially monitored in series production. During initial sampling, our customers receive detailed reports on the validations performed.<\/p><p class=\"translation-block\">Our equipment and production systems are also subject to a high level of testing density. Depending on the component, we integrate various tests directly into the production lines \u2013 e.g., camera inspections, force-displacement measurements, CT analyses or cleanliness tests. In addition, a visual inspection is carried out by trained employees.<\/p>\t\t\t\t\t\t\t\t<\/div>\n\t\t\t\t<\/div>\n\t\t\t\t<\/div>\n\t\t\t\t<\/div>\n\t\t\t\t<\/div>","protected":false},"excerpt":{"rendered":"<p>Qualit\u00e4tssicherung in Serie Bei schlaeger sind Produktentwicklung, Prozessentwicklung und Validierung eng miteinander verzahnt. Schon handgefertigte Prototypen durchlaufen eine Vielzahl an Tests, bei denen hunderte Merkmale gepr\u00fcft werden. Viele Validierungen k\u00f6nnen wir direkt im Haus durchf\u00fchren, f\u00fcr alle weiteren greifen wir auf die Pr\u00fcfkapazit\u00e4ten ausgew\u00e4hlter externer Partner zur\u00fcck. Produkt- &amp; Prozess Validierungen Bevor eine Entwicklung bei [&hellip;]<\/p>\n","protected":false},"author":1,"featured_media":0,"parent":0,"menu_order":0,"comment_status":"closed","ping_status":"closed","template":"","meta":{"footnotes":""},"class_list":["post-1088","page","type-page","status-publish","hentry"],"_links":{"self":[{"href":"https:\/\/schlaeger.com\/en\/wp-json\/wp\/v2\/pages\/1088","targetHints":{"allow":["GET"]}}],"collection":[{"href":"https:\/\/schlaeger.com\/en\/wp-json\/wp\/v2\/pages"}],"about":[{"href":"https:\/\/schlaeger.com\/en\/wp-json\/wp\/v2\/types\/page"}],"author":[{"embeddable":true,"href":"https:\/\/schlaeger.com\/en\/wp-json\/wp\/v2\/users\/1"}],"replies":[{"embeddable":true,"href":"https:\/\/schlaeger.com\/en\/wp-json\/wp\/v2\/comments?post=1088"}],"version-history":[{"count":19,"href":"https:\/\/schlaeger.com\/en\/wp-json\/wp\/v2\/pages\/1088\/revisions"}],"predecessor-version":[{"id":1740,"href":"https:\/\/schlaeger.com\/en\/wp-json\/wp\/v2\/pages\/1088\/revisions\/1740"}],"wp:attachment":[{"href":"https:\/\/schlaeger.com\/en\/wp-json\/wp\/v2\/media?parent=1088"}],"curies":[{"name":"wp","href":"https:\/\/api.w.org\/{rel}","templated":true}]}}