{"id":1536,"date":"2026-02-09T13:21:37","date_gmt":"2026-02-09T12:21:37","guid":{"rendered":"https:\/\/schlaeger.com\/?page_id=1536"},"modified":"2026-02-09T13:47:19","modified_gmt":"2026-02-09T12:47:19","slug":"hinweisgeberportal","status":"publish","type":"page","link":"https:\/\/schlaeger.com\/en\/hinweisgeberportal\/","title":{"rendered":"Hinweisgeberportal"},"content":{"rendered":"<div data-elementor-type=\"wp-page\" data-elementor-id=\"1536\" class=\"elementor elementor-1536\" data-elementor-post-type=\"page\">\n\t\t\t\t<div class=\"elementor-element elementor-element-6a30030 e-flex e-con-boxed e-con e-parent\" data-id=\"6a30030\" data-element_type=\"container\" data-e-type=\"container\">\n\t\t\t\t\t<div class=\"e-con-inner\">\n\t\t\t\t<div class=\"elementor-element elementor-element-4e2c155 elementor-widget elementor-widget-heading\" data-id=\"4e2c155\" data-element_type=\"widget\" data-e-type=\"widget\" data-widget_type=\"heading.default\">\n\t\t\t\t<div class=\"elementor-widget-container\">\n\t\t\t\t\t<h2 class=\"elementor-heading-title elementor-size-default\">Hinweisgeberportal<\/h2>\t\t\t\t<\/div>\n\t\t\t\t<\/div>\n\t\t\t\t<div class=\"elementor-element elementor-element-eb1b05b elementor-widget elementor-widget-text-editor\" data-id=\"eb1b05b\" data-element_type=\"widget\" data-e-type=\"widget\" data-widget_type=\"text-editor.default\">\n\t\t\t\t<div class=\"elementor-widget-container\">\n\t\t\t\t\t\t\t\t\t<p>Mit der Einf\u00fchrung des Hinweisgeberschutzgesetzes (HinSchG) wird nat\u00fcrlichen Personen, welche im Zusammenhang mit ihrer beruflichen T\u00e4tigkeit oder im Vorfeld einer beruflichen T\u00e4tigkeit Informationen \u00fcber Verst\u00f6\u00dfe in einem Unternehmen erlangt haben, die M\u00f6glichkeit gegeben, Hinweise zu melden bzw. Verst\u00f6\u00dfe offenzulegen. Der Gesetzgeber regelt im HinSchG den Schutz der hinweisgebenden Person, sowie von Personen, welche von dem Hinweis betroffen sind.<\/p>\t\t\t\t\t\t\t\t<\/div>\n\t\t\t\t<\/div>\n\t\t\t\t<div class=\"elementor-element elementor-element-6f7f2b0 elementor-widget elementor-widget-button\" data-id=\"6f7f2b0\" data-element_type=\"widget\" data-e-type=\"widget\" data-widget_type=\"button.default\">\n\t\t\t\t<div class=\"elementor-widget-container\">\n\t\t\t\t\t\t\t\t\t<div class=\"elementor-button-wrapper\">\n\t\t\t\t\t<a class=\"elementor-button elementor-button-link elementor-size-sm\" href=\"https:\/\/whistleblower.fels-legal.de\/201d7e18-cc77-4afa-8ff2-0cba8bea3215\" target=\"_blank\" rel=\"noopener\">\n\t\t\t\t\t\t<span class=\"elementor-button-content-wrapper\">\n\t\t\t\t\t\t\t\t\t<span class=\"elementor-button-text\">Hinweisgeberportal der schlaeger-Gruppe<\/span>\n\t\t\t\t\t<\/span>\n\t\t\t\t\t<\/a>\n\t\t\t\t<\/div>\n\t\t\t\t\t\t\t\t<\/div>\n\t\t\t\t<\/div>\n\t\t\t\t\t<\/div>\n\t\t\t\t<\/div>\n\t\t\t\t<\/div>","protected":false},"excerpt":{"rendered":"<p>Hinweisgeberportal Mit der Einf\u00fchrung des Hinweisgeberschutzgesetzes (HinSchG) wird nat\u00fcrlichen Personen, welche im Zusammenhang mit ihrer beruflichen T\u00e4tigkeit oder im Vorfeld einer beruflichen T\u00e4tigkeit Informationen \u00fcber Verst\u00f6\u00dfe in einem Unternehmen erlangt haben, die M\u00f6glichkeit gegeben, Hinweise zu melden bzw. Verst\u00f6\u00dfe offenzulegen. Der Gesetzgeber regelt im HinSchG den Schutz der hinweisgebenden Person, sowie von Personen, welche von [&hellip;]<\/p>\n","protected":false},"author":1,"featured_media":0,"parent":0,"menu_order":0,"comment_status":"closed","ping_status":"closed","template":"","meta":{"footnotes":""},"class_list":["post-1536","page","type-page","status-publish","hentry"],"_links":{"self":[{"href":"https:\/\/schlaeger.com\/en\/wp-json\/wp\/v2\/pages\/1536","targetHints":{"allow":["GET"]}}],"collection":[{"href":"https:\/\/schlaeger.com\/en\/wp-json\/wp\/v2\/pages"}],"about":[{"href":"https:\/\/schlaeger.com\/en\/wp-json\/wp\/v2\/types\/page"}],"author":[{"embeddable":true,"href":"https:\/\/schlaeger.com\/en\/wp-json\/wp\/v2\/users\/1"}],"replies":[{"embeddable":true,"href":"https:\/\/schlaeger.com\/en\/wp-json\/wp\/v2\/comments?post=1536"}],"version-history":[{"count":4,"href":"https:\/\/schlaeger.com\/en\/wp-json\/wp\/v2\/pages\/1536\/revisions"}],"predecessor-version":[{"id":1540,"href":"https:\/\/schlaeger.com\/en\/wp-json\/wp\/v2\/pages\/1536\/revisions\/1540"}],"wp:attachment":[{"href":"https:\/\/schlaeger.com\/en\/wp-json\/wp\/v2\/media?parent=1536"}],"curies":[{"name":"wp","href":"https:\/\/api.w.org\/{rel}","templated":true}]}}