{"id":163,"date":"2024-01-23T11:21:59","date_gmt":"2024-01-23T10:21:59","guid":{"rendered":"https:\/\/schlaeger.com\/?page_id=163"},"modified":"2026-03-03T13:52:55","modified_gmt":"2026-03-03T12:52:55","slug":"industrial","status":"publish","type":"page","link":"https:\/\/schlaeger.com\/en\/produkte\/industrial\/","title":{"rendered":"Industrial"},"content":{"rendered":"<div data-elementor-type=\"wp-page\" data-elementor-id=\"163\" class=\"elementor elementor-163\" data-elementor-post-type=\"page\">\n\t\t\t\t<div class=\"elementor-element elementor-element-532e7cc7 e-con-full e-flex e-con e-parent\" data-id=\"532e7cc7\" data-element_type=\"container\" data-e-type=\"container\">\n\t\t<div class=\"elementor-element elementor-element-69416f20 e-con-full e-flex e-con e-child\" data-id=\"69416f20\" data-element_type=\"container\" data-e-type=\"container\">\n\t\t\t\t<div class=\"elementor-element elementor-element-612ff014 elementor-widget elementor-widget-heading\" data-id=\"612ff014\" data-element_type=\"widget\" data-e-type=\"widget\" data-widget_type=\"heading.default\">\n\t\t\t\t<div class=\"elementor-widget-container\">\n\t\t\t\t\t<h2 class=\"elementor-heading-title elementor-size-default\"><p><span style=\"text-align: var(--text-align)\">Technologie<\/span><\/p><p><span style=\"text-align: var(--text-align)\"><font color=\"#00a6d0\">Neu gedacht<\/font><\/span><span style=\"color: var( --e-global-color-primary );text-align: var(--text-align)\"><\/span><\/p><\/h2>\t\t\t\t<\/div>\n\t\t\t\t<\/div>\n\t\t\t\t<\/div>\n\t\t<div class=\"elementor-element elementor-element-77019ac9 e-con-full e-flex e-con e-child\" data-id=\"77019ac9\" data-element_type=\"container\" data-e-type=\"container\">\n\t\t\t\t<div class=\"elementor-element elementor-element-4e2c0bd5 elementor-widget elementor-widget-text-editor\" data-id=\"4e2c0bd5\" data-element_type=\"widget\" data-e-type=\"widget\" data-widget_type=\"text-editor.default\">\n\t\t\t\t<div class=\"elementor-widget-container\">\n\t\t\t\t\t\t\t\t\t<p>Egal in welcher Branche sich unsere Kunden bewegen: Sobald <b>Aktorik<\/b>, <b>Sensorik<\/b>, <b>Stator<\/b> oder <b>Rotor<\/b> Teil eines Produkts sind, ist <b>schlaeger<\/b> der richtige Ansprechpartner. Unsere St\u00e4rke liegt in <b>robusten Konstruktionen<\/b>, die sichere und zuverl\u00e4ssige Produkte erm\u00f6glichen.<\/p><p>Individuell entwickelte Konzepte erlauben eine wirtschaftliche Fertigung mechatronischer Bauteile \u2013 selbst bei sehr langen Produktlebenszyklen und extremen Anforderungen. So entstehen widerstandsf\u00e4hige L\u00f6sungen, die weit \u00fcber <b>Hydraulik<\/b> und <b>Maschinenbau<\/b> hinaus eingesetzt werden.<\/p>\t\t\t\t\t\t\t\t<\/div>\n\t\t\t\t<\/div>\n\t\t\t\t<\/div>\n\t\t<div class=\"elementor-element elementor-element-45f8b30d e-con-full e-flex e-con e-child\" data-id=\"45f8b30d\" data-element_type=\"container\" data-e-type=\"container\">\n\t\t\t\t<div class=\"elementor-element elementor-element-7e80fe5b elementor-widget elementor-widget-image\" data-id=\"7e80fe5b\" data-element_type=\"widget\" data-e-type=\"widget\" data-widget_type=\"image.default\">\n\t\t\t\t<div class=\"elementor-widget-container\">\n\t\t\t\t\t\t\t\t\t\t\t\t\t\t\t<img fetchpriority=\"high\" decoding=\"async\" width=\"2560\" height=\"1707\" src=\"https:\/\/schlaeger.com\/wp-content\/uploads\/2024\/02\/Schlaeger_246-scaled.jpg\" class=\"attachment-full size-full wp-image-524\" alt=\"F\u00fchrungskr\u00e4fte von schlaeger Kunststofftechnik GmbH bei der Arbeit\" srcset=\"https:\/\/schlaeger.com\/wp-content\/uploads\/2024\/02\/Schlaeger_246-scaled.jpg 2560w, https:\/\/schlaeger.com\/wp-content\/uploads\/2024\/02\/Schlaeger_246-300x200.jpg 300w, https:\/\/schlaeger.com\/wp-content\/uploads\/2024\/02\/Schlaeger_246-1024x683.jpg 1024w, https:\/\/schlaeger.com\/wp-content\/uploads\/2024\/02\/Schlaeger_246-768x512.jpg 768w, https:\/\/schlaeger.com\/wp-content\/uploads\/2024\/02\/Schlaeger_246-1536x1024.jpg 1536w, https:\/\/schlaeger.com\/wp-content\/uploads\/2024\/02\/Schlaeger_246-2048x1365.jpg 2048w\" sizes=\"(max-width: 2560px) 100vw, 2560px\" \/>\t\t\t\t\t\t\t\t\t\t\t\t\t\t\t<\/div>\n\t\t\t\t<\/div>\n\t\t\t\t<\/div>\n\t\t\t\t<\/div>\n\t\t<div class=\"elementor-element elementor-element-6f484983 e-con-full e-flex e-con e-parent\" data-id=\"6f484983\" data-element_type=\"container\" data-e-type=\"container\" data-settings=\"{&quot;background_background&quot;:&quot;classic&quot;}\">\n\t\t<div class=\"elementor-element elementor-element-394eb279 e-con-full e-flex e-con e-child\" data-id=\"394eb279\" data-element_type=\"container\" data-e-type=\"container\">\n\t\t\t\t<div class=\"elementor-element elementor-element-206f594f elementor-widget elementor-widget-heading\" data-id=\"206f594f\" data-element_type=\"widget\" data-e-type=\"widget\" data-widget_type=\"heading.default\">\n\t\t\t\t<div class=\"elementor-widget-container\">\n\t\t\t\t\t<h2 class=\"elementor-heading-title elementor-size-default\"><p><span style=\"text-align: var(--text-align)\">schlaeger goes<\/span><\/p><p><font color=\"#00a6d0\">Gaming<\/font><span style=\"color: var( --e-global-color-accent );text-align: var(--text-align)\"><\/span><\/p><\/h2>\t\t\t\t<\/div>\n\t\t\t\t<\/div>\n\t\t<div class=\"elementor-element elementor-element-7223819f e-con-full e-flex e-con e-child\" data-id=\"7223819f\" data-element_type=\"container\" data-e-type=\"container\">\n\t\t\t\t<div class=\"elementor-element elementor-element-4aa9ce20 elementor-widget elementor-widget-text-editor\" data-id=\"4aa9ce20\" data-element_type=\"widget\" data-e-type=\"widget\" data-widget_type=\"text-editor.default\">\n\t\t\t\t<div class=\"elementor-widget-container\">\n\t\t\t\t\t\t\t\t\t<p>Ungew\u00f6hnlich, spannend, nicht allt\u00e4glich \u2013 so l\u00e4sst sich unsere Entwicklung f\u00fcr <b>haptisches Feedback in Gaming-M\u00e4usen<\/b> beschreiben. Dank unserer Entwicklungsabteilung und der engen Zusammenarbeit mit unserem Kunden wurde es m\u00f6glich, die Intensit\u00e4t des <b>Mausrads<\/b> individuell einzustellen. Das Ergebnis: ein innovatives Produkt mit <b>konfigurierbarem Feedback<\/b>, das Gamern ein einzigartiges Nutzererlebnis bietet.<\/p>\t\t\t\t\t\t\t\t<\/div>\n\t\t\t\t<\/div>\n\t\t\t\t<\/div>\n\t\t\t\t<\/div>\n\t\t\t\t<\/div>\n\t\t\t\t<\/div>","protected":false},"excerpt":{"rendered":"<p>Technologie Neu gedacht Egal in welcher Branche sich unsere Kunden bewegen: Sobald Aktorik, Sensorik, Stator oder Rotor Teil eines Produkts sind, ist schlaeger der richtige Ansprechpartner. Unsere St\u00e4rke liegt in robusten Konstruktionen, die sichere und zuverl\u00e4ssige Produkte erm\u00f6glichen. Individuell entwickelte Konzepte erlauben eine wirtschaftliche Fertigung mechatronischer Bauteile \u2013 selbst bei sehr langen Produktlebenszyklen und extremen [&hellip;]<\/p>\n","protected":false},"author":1,"featured_media":0,"parent":21,"menu_order":3,"comment_status":"closed","ping_status":"closed","template":"","meta":{"footnotes":""},"class_list":["post-163","page","type-page","status-publish","hentry"],"_links":{"self":[{"href":"https:\/\/schlaeger.com\/en\/wp-json\/wp\/v2\/pages\/163","targetHints":{"allow":["GET"]}}],"collection":[{"href":"https:\/\/schlaeger.com\/en\/wp-json\/wp\/v2\/pages"}],"about":[{"href":"https:\/\/schlaeger.com\/en\/wp-json\/wp\/v2\/types\/page"}],"author":[{"embeddable":true,"href":"https:\/\/schlaeger.com\/en\/wp-json\/wp\/v2\/users\/1"}],"replies":[{"embeddable":true,"href":"https:\/\/schlaeger.com\/en\/wp-json\/wp\/v2\/comments?post=163"}],"version-history":[{"count":22,"href":"https:\/\/schlaeger.com\/en\/wp-json\/wp\/v2\/pages\/163\/revisions"}],"predecessor-version":[{"id":1701,"href":"https:\/\/schlaeger.com\/en\/wp-json\/wp\/v2\/pages\/163\/revisions\/1701"}],"up":[{"embeddable":true,"href":"https:\/\/schlaeger.com\/en\/wp-json\/wp\/v2\/pages\/21"}],"wp:attachment":[{"href":"https:\/\/schlaeger.com\/en\/wp-json\/wp\/v2\/media?parent=163"}],"curies":[{"name":"wp","href":"https:\/\/api.w.org\/{rel}","templated":true}]}}