{"id":224,"date":"2024-02-06T13:32:54","date_gmt":"2024-02-06T12:32:54","guid":{"rendered":"https:\/\/schlaeger.com\/?page_id=224"},"modified":"2026-03-03T13:59:37","modified_gmt":"2026-03-03T12:59:37","slug":"produktentwicklung","status":"publish","type":"page","link":"https:\/\/schlaeger.com\/en\/loesungen\/produktentwicklung\/","title":{"rendered":"Product Development"},"content":{"rendered":"<div data-elementor-type=\"wp-page\" data-elementor-id=\"224\" class=\"elementor elementor-224\" data-elementor-post-type=\"page\">\n\t\t\t\t<div class=\"elementor-element elementor-element-3293de77 e-con-full e-flex e-con e-parent\" data-id=\"3293de77\" data-element_type=\"container\" data-e-type=\"container\">\n\t\t<div class=\"elementor-element elementor-element-7f16afb2 e-con-full e-flex e-con e-child\" data-id=\"7f16afb2\" data-element_type=\"container\" data-e-type=\"container\">\n\t\t\t\t<div class=\"elementor-element elementor-element-4c3e5048 elementor-widget elementor-widget-heading\" data-id=\"4c3e5048\" data-element_type=\"widget\" data-e-type=\"widget\" data-widget_type=\"heading.default\">\n\t\t\t\t<div class=\"elementor-widget-container\">\n\t\t\t\t\t<h2 class=\"elementor-heading-title elementor-size-default\">From Vision to Reality\n<p><span style=\"text-align: var(--text-align)\"><font color=\"#00a6d0\">Tailor-Made Product Development<\/font><\/span><span style=\"color: var( --e-global-color-primary );text-align: var(--text-align)\"><\/span><font color=\"#00a6d0\"><br><\/font><\/p><\/h2>\t\t\t\t<\/div>\n\t\t\t\t<\/div>\n\t\t\t\t<\/div>\n\t\t<div class=\"elementor-element elementor-element-701b9cc6 e-con-full e-flex e-con e-child\" data-id=\"701b9cc6\" data-element_type=\"container\" data-e-type=\"container\">\n\t\t\t\t<div class=\"elementor-element elementor-element-34168f5e elementor-widget elementor-widget-text-editor\" data-id=\"34168f5e\" data-element_type=\"widget\" data-e-type=\"widget\" data-widget_type=\"text-editor.default\">\n\t\t\t\t<div class=\"elementor-widget-container\">\n\t\t\t\t\t\t\t\t\t<p class=\"translation-block\">With our expertise in 3D CAD design, various simulation tools and rapid prototyping, we support projects from the first idea through to series readiness \u2013 efficiently and precisely. We combine fast understanding of the task, strong communication and creative solutions with our deep expertise based on a very broad range of process know-how. The result: customized solutions that meet technical and quality requirements and often push the \u201cboundaries of what is possible\u201d even further.<\/p>\t\t\t\t\t\t\t\t<\/div>\n\t\t\t\t<\/div>\n\t\t\t\t<\/div>\n\t\t<div class=\"elementor-element elementor-element-46b6f16e e-con-full e-flex e-con e-child\" data-id=\"46b6f16e\" data-element_type=\"container\" data-e-type=\"container\">\n\t\t\t\t<div class=\"elementor-element elementor-element-b9b8df5 elementor-widget elementor-widget-image\" data-id=\"b9b8df5\" data-element_type=\"widget\" data-e-type=\"widget\" data-widget_type=\"image.default\">\n\t\t\t\t<div class=\"elementor-widget-container\">\n\t\t\t\t\t\t\t\t\t\t\t\t\t\t\t<img fetchpriority=\"high\" decoding=\"async\" width=\"2560\" height=\"1707\" src=\"https:\/\/schlaeger.com\/wp-content\/uploads\/2024\/02\/Schlaeger_246-scaled.jpg\" class=\"attachment-full size-full wp-image-524\" alt=\"F\u00fchrungskr\u00e4fte von schlaeger Kunststofftechnik GmbH bei der Arbeit\" srcset=\"https:\/\/schlaeger.com\/wp-content\/uploads\/2024\/02\/Schlaeger_246-scaled.jpg 2560w, https:\/\/schlaeger.com\/wp-content\/uploads\/2024\/02\/Schlaeger_246-300x200.jpg 300w, https:\/\/schlaeger.com\/wp-content\/uploads\/2024\/02\/Schlaeger_246-1024x683.jpg 1024w, https:\/\/schlaeger.com\/wp-content\/uploads\/2024\/02\/Schlaeger_246-768x512.jpg 768w, https:\/\/schlaeger.com\/wp-content\/uploads\/2024\/02\/Schlaeger_246-1536x1024.jpg 1536w, https:\/\/schlaeger.com\/wp-content\/uploads\/2024\/02\/Schlaeger_246-2048x1365.jpg 2048w\" sizes=\"(max-width: 2560px) 100vw, 2560px\" \/>\t\t\t\t\t\t\t\t\t\t\t\t\t\t\t<\/div>\n\t\t\t\t<\/div>\n\t\t\t\t<\/div>\n\t\t\t\t<\/div>\n\t\t<div class=\"elementor-element elementor-element-6759dd5a e-con-full e-flex e-con e-parent\" data-id=\"6759dd5a\" data-element_type=\"container\" data-e-type=\"container\" data-settings=\"{&quot;background_background&quot;:&quot;classic&quot;}\">\n\t\t<div class=\"elementor-element elementor-element-5b79ebc0 e-con-full e-flex e-con e-child\" data-id=\"5b79ebc0\" data-element_type=\"container\" data-e-type=\"container\">\n\t\t\t\t<div class=\"elementor-element elementor-element-1715856e elementor-widget elementor-widget-heading\" data-id=\"1715856e\" data-element_type=\"widget\" data-e-type=\"widget\" data-widget_type=\"heading.default\">\n\t\t\t\t<div class=\"elementor-widget-container\">\n\t\t\t\t\t<h2 class=\"elementor-heading-title elementor-size-default\">This is Our\n<p><span style=\"text-align: var(--text-align)\"><font color=\"#00a6d0\">Product Development<\/font><\/span><span style=\"color: var( --e-global-color-accent );text-align: var(--text-align)\"><\/span><font color=\"#00a6d0\"><br><\/font><\/p><\/h2>\t\t\t\t<\/div>\n\t\t\t\t<\/div>\n\t\t<div class=\"elementor-element elementor-element-2c48db7b e-con-full e-flex e-con e-child\" data-id=\"2c48db7b\" data-element_type=\"container\" data-e-type=\"container\">\n\t\t\t\t<div class=\"elementor-element elementor-element-6e7599e elementor-widget elementor-widget-text-editor\" data-id=\"6e7599e\" data-element_type=\"widget\" data-e-type=\"widget\" data-widget_type=\"text-editor.default\">\n\t\t\t\t<div class=\"elementor-widget-container\">\n\t\t\t\t\t\t\t\t\t<p>As a development partner, we work together with our customers to create complete concepts \u2013 from the assembly all the way down to individual components. No matter how far a project has progressed: whether you need a technology adaptation based on an existing concept, bring an initial pencil sketch, or already have concepts including packaging studies \u2013 we go every step with you. Our customers value this flexibility and partnership.<\/p>\t\t\t\t\t\t\t\t<\/div>\n\t\t\t\t<\/div>\n\t\t\t\t<\/div>\n\t\t\t\t<\/div>\n\t\t<div class=\"elementor-element elementor-element-231ca236 e-con-full elementor-hidden-tablet elementor-hidden-mobile e-flex e-con e-child\" data-id=\"231ca236\" data-element_type=\"container\" data-e-type=\"container\">\n\t\t\t\t<\/div>\n\t\t<div class=\"elementor-element elementor-element-1d4c3182 e-con-full e-flex e-con e-child\" data-id=\"1d4c3182\" data-element_type=\"container\" data-e-type=\"container\">\n\t\t\t\t<div class=\"elementor-element elementor-element-c363a44 elementor-widget elementor-widget-heading\" data-id=\"c363a44\" data-element_type=\"widget\" data-e-type=\"widget\" data-widget_type=\"heading.default\">\n\t\t\t\t<div class=\"elementor-widget-container\">\n\t\t\t\t\t<h3 class=\"elementor-heading-title elementor-size-default\">The following technologies support our product development:<\/h3>\t\t\t\t<\/div>\n\t\t\t\t<\/div>\n\t\t\t\t<div class=\"elementor-element elementor-element-6362a6e elementor-widget elementor-widget-text-editor\" data-id=\"6362a6e\" data-element_type=\"widget\" data-e-type=\"widget\" data-widget_type=\"text-editor.default\">\n\t\t\t\t<div class=\"elementor-widget-container\">\n\t\t\t\t\t\t\t\t\t<ul><li>ProEngineer 3D CAD<\/li><li>Internal\/external calculations and simulations (Moldflow, strength, magnetic fields)<\/li><li>Altair FluxMotor<\/li><li>Tolerance analyses<\/li><li>Rapid prototyping and prototype tools<\/li><li>Development and integration of purchased parts<\/li><\/ul>\t\t\t\t\t\t\t\t<\/div>\n\t\t\t\t<\/div>\n\t\t\t\t<\/div>\n\t\t\t\t<\/div>\n\t\t<div class=\"elementor-element elementor-element-1ab3d5d9 e-con-full e-flex e-con e-parent\" data-id=\"1ab3d5d9\" data-element_type=\"container\" data-e-type=\"container\">\n\t\t<div class=\"elementor-element elementor-element-428329e7 e-con-full e-flex e-con e-child\" data-id=\"428329e7\" data-element_type=\"container\" data-e-type=\"container\">\n\t\t\t\t<div class=\"elementor-element elementor-element-4c628fd4 elementor-widget elementor-widget-heading\" data-id=\"4c628fd4\" data-element_type=\"widget\" data-e-type=\"widget\" data-widget_type=\"heading.default\">\n\t\t\t\t<div class=\"elementor-widget-container\">\n\t\t\t\t\t<h2 class=\"elementor-heading-title elementor-size-default\"><p style=\"color: #00A6D0\">Simultaneous<\/p>Engineering<\/h2>\t\t\t\t<\/div>\n\t\t\t\t<\/div>\n\t\t\t\t<\/div>\n\t\t<div class=\"elementor-element elementor-element-40019913 e-con-full e-flex e-con e-child\" data-id=\"40019913\" data-element_type=\"container\" data-e-type=\"container\">\n\t\t<div class=\"elementor-element elementor-element-8d0889c e-grid e-con-boxed e-con e-child\" data-id=\"8d0889c\" data-element_type=\"container\" data-e-type=\"container\">\n\t\t\t\t\t<div class=\"e-con-inner\">\n\t\t\t\t<div class=\"elementor-element elementor-element-20151ec2 elementor-widget elementor-widget-text-editor\" data-id=\"20151ec2\" data-element_type=\"widget\" data-e-type=\"widget\" data-widget_type=\"text-editor.default\">\n\t\t\t\t<div class=\"elementor-widget-container\">\n\t\t\t\t\t\t\t\t\t<p>Our process-oriented development and the parallel design of production equipment lead to scalable solutions that precisely meet our customers\u2019 requirements. From the very beginning, we think in variants and in series production \u2013 because responsibility for a product starts in the development phase. By bundling multiple variants within a product family, we create the basis for fast and flexible adaptations to individual customer requirements and changes.<\/p>\t\t\t\t\t\t\t\t<\/div>\n\t\t\t\t<\/div>\n\t\t\t\t\t<\/div>\n\t\t\t\t<\/div>\n\t\t\t\t<\/div>\n\t\t<div class=\"elementor-element elementor-element-43a9cf e-con-full e-flex e-con e-child\" data-id=\"43a9cf\" data-element_type=\"container\" data-e-type=\"container\">\n\t\t\t\t<div class=\"elementor-element elementor-element-9dc030b elementor-widget elementor-widget-image\" data-id=\"9dc030b\" data-element_type=\"widget\" data-e-type=\"widget\" data-widget_type=\"image.default\">\n\t\t\t\t<div class=\"elementor-widget-container\">\n\t\t\t\t\t\t\t\t\t\t\t\t\t\t\t<img decoding=\"async\" width=\"2000\" height=\"770\" src=\"https:\/\/schlaeger.com\/wp-content\/uploads\/2024\/01\/32093-e1706000307199.jpg\" class=\"attachment-full size-full wp-image-140\" alt=\"Moderne Stadt mit elektrisch fahrenden Autos\" srcset=\"https:\/\/schlaeger.com\/wp-content\/uploads\/2024\/01\/32093-e1706000307199.jpg 2000w, https:\/\/schlaeger.com\/wp-content\/uploads\/2024\/01\/32093-e1706000307199-300x116.jpg 300w, https:\/\/schlaeger.com\/wp-content\/uploads\/2024\/01\/32093-e1706000307199-1024x394.jpg 1024w, https:\/\/schlaeger.com\/wp-content\/uploads\/2024\/01\/32093-e1706000307199-768x296.jpg 768w, https:\/\/schlaeger.com\/wp-content\/uploads\/2024\/01\/32093-e1706000307199-1536x591.jpg 1536w\" sizes=\"(max-width: 2000px) 100vw, 2000px\" \/>\t\t\t\t\t\t\t\t\t\t\t\t\t\t\t<\/div>\n\t\t\t\t<\/div>\n\t\t\t\t<\/div>\n\t\t\t\t<\/div>\n\t\t<div class=\"elementor-element elementor-element-5aeb185 e-con-full e-flex e-con e-parent\" data-id=\"5aeb185\" data-element_type=\"container\" data-e-type=\"container\" data-settings=\"{&quot;background_background&quot;:&quot;classic&quot;}\">\n\t\t<div class=\"elementor-element elementor-element-690d839 e-con-full e-flex e-con e-child\" data-id=\"690d839\" data-element_type=\"container\" data-e-type=\"container\">\n\t\t\t\t<div class=\"elementor-element elementor-element-d14d85c elementor-widget elementor-widget-heading\" data-id=\"d14d85c\" data-element_type=\"widget\" data-e-type=\"widget\" data-widget_type=\"heading.default\">\n\t\t\t\t<div class=\"elementor-widget-container\">\n\t\t\t\t\t<h2 class=\"elementor-heading-title elementor-size-default\"><p><span style=\"text-align: var(--text-align)\">Nothing Less Than<\/span><\/p><p><span style=\"text-align: var(--text-align)\"><font color=\"#00a6d0\">Outstanding<\/font><\/span><span style=\"color: var( --e-global-color-accent );text-align: var(--text-align)\"><\/span><\/p><\/h2>\t\t\t\t<\/div>\n\t\t\t\t<\/div>\n\t\t<div class=\"elementor-element elementor-element-5a2693c e-con-full e-flex e-con e-child\" data-id=\"5a2693c\" data-element_type=\"container\" data-e-type=\"container\">\n\t\t\t\t<div class=\"elementor-element elementor-element-04e2671 elementor-widget elementor-widget-text-editor\" data-id=\"04e2671\" data-element_type=\"widget\" data-e-type=\"widget\" data-widget_type=\"text-editor.default\">\n\t\t\t\t<div class=\"elementor-widget-container\">\n\t\t\t\t\t\t\t\t\t<p class=\"translation-block\">Our strengths lie in actuators and sensors, as well as in the production of precision plastic parts using micro injection molding and in complex material combinations. The products we develop and manufacture meet the highest requirements \u2013 in technology, quality and reliability. They stand out, among other things, through:<\/p>\t\t\t\t\t\t\t\t<\/div>\n\t\t\t\t<\/div>\n\t\t\t\t<\/div>\n\t\t\t\t<\/div>\n\t\t<div class=\"elementor-element elementor-element-7f78444 e-con-full elementor-hidden-tablet elementor-hidden-mobile e-flex e-con e-child\" data-id=\"7f78444\" data-element_type=\"container\" data-e-type=\"container\">\n\t\t\t\t<\/div>\n\t\t<div class=\"elementor-element elementor-element-0c9d9ee e-con-full e-flex e-con e-child\" data-id=\"0c9d9ee\" data-element_type=\"container\" data-e-type=\"container\">\n\t\t\t\t<div class=\"elementor-element elementor-element-1eee2af elementor-widget elementor-widget-text-editor\" data-id=\"1eee2af\" data-element_type=\"widget\" data-e-type=\"widget\" data-widget_type=\"text-editor.default\">\n\t\t\t\t<div class=\"elementor-widget-container\">\n\t\t\t\t\t\t\t\t\t<ul class=\"list-normal\"><li class=\"translation-block\">High functional density within limited installation space<\/li><li class=\"translation-block\">Special quality requirements, e.g., cleanroom delivery or extreme precision<\/li><li class=\"translation-block\">Technical robustness, e.g., temperature resistance, media tightness or insulation properties<\/li><li class=\"translation-block\">Flexibility in suppliers, including the integration of new partners upon customer request<\/li><li class=\"translation-block\">High complexity \u2013 assemblies with many individual parts, different materials or very thin wall thicknesses<\/li><li class=\"translation-block\">Exceptional durability, even under extreme conditions such as in the engine compartment<\/li><li class=\"translation-block\">Long life cycles of individual products<\/li><\/ul>\t\t\t\t\t\t\t\t<\/div>\n\t\t\t\t<\/div>\n\t\t\t\t<\/div>\n\t\t\t\t<\/div>\n\t\t\t\t<\/div>","protected":false},"excerpt":{"rendered":"<p>Von der Vision zur Wirklichkeit Ma\u00dfgeschneiderte Produktentwicklung Mit unserer Expertise in 3D CAD-Design, verschiedenen Simulations-Tools und Rapid Prototyping begleiten wir Projekte von der ersten Idee bis zur Serienreife \u2013 effizient und pr\u00e4zise. Eine schnelle Erfassung der Aufgabenstellung, gute Kommunikation und kreative L\u00f6sungen kombinieren wir mit unserem tiefen Verst\u00e4ndnis aus einem sehr breiten Prozess-Wissen. Daraus werden [&hellip;]<\/p>\n","protected":false},"author":1,"featured_media":0,"parent":23,"menu_order":1,"comment_status":"closed","ping_status":"closed","template":"","meta":{"footnotes":""},"class_list":["post-224","page","type-page","status-publish","hentry"],"_links":{"self":[{"href":"https:\/\/schlaeger.com\/en\/wp-json\/wp\/v2\/pages\/224","targetHints":{"allow":["GET"]}}],"collection":[{"href":"https:\/\/schlaeger.com\/en\/wp-json\/wp\/v2\/pages"}],"about":[{"href":"https:\/\/schlaeger.com\/en\/wp-json\/wp\/v2\/types\/page"}],"author":[{"embeddable":true,"href":"https:\/\/schlaeger.com\/en\/wp-json\/wp\/v2\/users\/1"}],"replies":[{"embeddable":true,"href":"https:\/\/schlaeger.com\/en\/wp-json\/wp\/v2\/comments?post=224"}],"version-history":[{"count":37,"href":"https:\/\/schlaeger.com\/en\/wp-json\/wp\/v2\/pages\/224\/revisions"}],"predecessor-version":[{"id":1728,"href":"https:\/\/schlaeger.com\/en\/wp-json\/wp\/v2\/pages\/224\/revisions\/1728"}],"up":[{"embeddable":true,"href":"https:\/\/schlaeger.com\/en\/wp-json\/wp\/v2\/pages\/23"}],"wp:attachment":[{"href":"https:\/\/schlaeger.com\/en\/wp-json\/wp\/v2\/media?parent=224"}],"curies":[{"name":"wp","href":"https:\/\/api.w.org\/{rel}","templated":true}]}}