{"id":228,"date":"2024-02-06T13:33:31","date_gmt":"2024-02-06T12:33:31","guid":{"rendered":"https:\/\/schlaeger.com\/?page_id=228"},"modified":"2026-03-03T14:07:13","modified_gmt":"2026-03-03T13:07:13","slug":"fertigungstechnologie","status":"publish","type":"page","link":"https:\/\/schlaeger.com\/en\/loesungen\/fertigungstechnologie\/","title":{"rendered":"Technology"},"content":{"rendered":"<div data-elementor-type=\"wp-page\" data-elementor-id=\"228\" class=\"elementor elementor-228\" data-elementor-post-type=\"page\">\n\t\t\t\t<div class=\"elementor-element elementor-element-5161dadd e-con-full e-flex e-con e-parent\" data-id=\"5161dadd\" data-element_type=\"container\" data-e-type=\"container\">\n\t\t<div class=\"elementor-element elementor-element-9a6061a e-con-full e-flex e-con e-child\" data-id=\"9a6061a\" data-element_type=\"container\" data-e-type=\"container\">\n\t\t\t\t<div class=\"elementor-element elementor-element-44399f33 elementor-widget elementor-widget-heading\" data-id=\"44399f33\" data-element_type=\"widget\" data-e-type=\"widget\" data-widget_type=\"heading.default\">\n\t\t\t\t<div class=\"elementor-widget-container\">\n\t\t\t\t\t<h2 class=\"elementor-heading-title elementor-size-default\"><p><span style=\"text-align: var(--text-align)\">No Off-the-Shelf Solutions<\/span><\/p><p><span style=\"text-align: var(--text-align)\"><font color=\"#00a6d0\">Not Even in Machine and Process Engineering<\/font><\/span><span style=\"color: var( --e-global-color-primary );text-align: var(--text-align)\"><\/span><br><\/p><\/h2>\t\t\t\t<\/div>\n\t\t\t\t<\/div>\n\t\t\t\t<\/div>\n\t\t<div class=\"elementor-element elementor-element-8e8af84 e-con-full e-flex e-con e-child\" data-id=\"8e8af84\" data-element_type=\"container\" data-e-type=\"container\">\n\t\t\t\t<div class=\"elementor-element elementor-element-2e2738d1 elementor-widget elementor-widget-text-editor\" data-id=\"2e2738d1\" data-element_type=\"widget\" data-e-type=\"widget\" data-widget_type=\"text-editor.default\">\n\t\t\t\t<div class=\"elementor-widget-container\">\n\t\t\t\t\t\t\t\t\t<p>At schlaeger, process development and product development work closely together. Prototypes are created from initial designs, and based on these we develop the processes for later series production and derive the specifications for tools and molds.<\/p><p>In plant and machine development, we rely on long-standing partnerships. We take over project management for our customers and coordinate all parties involved throughout the entire development process. This close collaboration pays off especially when manufacturing follow-up generations \u2013 because from the very beginning, we think in variants and plan our processes accordingly.<\/p>\t\t\t\t\t\t\t\t<\/div>\n\t\t\t\t<\/div>\n\t\t\t\t<\/div>\n\t\t<div class=\"elementor-element elementor-element-62ddbe7a e-con-full e-flex e-con e-child\" data-id=\"62ddbe7a\" data-element_type=\"container\" data-e-type=\"container\">\n\t\t\t\t<div class=\"elementor-element elementor-element-14d15cd5 elementor-widget elementor-widget-image\" data-id=\"14d15cd5\" data-element_type=\"widget\" data-e-type=\"widget\" data-widget_type=\"image.default\">\n\t\t\t\t<div class=\"elementor-widget-container\">\n\t\t\t\t\t\t\t\t\t\t\t\t\t\t\t<img fetchpriority=\"high\" decoding=\"async\" width=\"2560\" height=\"2052\" src=\"https:\/\/schlaeger.com\/wp-content\/uploads\/2024\/01\/Schlaeger_522_-scaled.jpg\" class=\"attachment-full size-full wp-image-62\" alt=\"Produktion bei schlaeger Kunststofftechnik\" srcset=\"https:\/\/schlaeger.com\/wp-content\/uploads\/2024\/01\/Schlaeger_522_-scaled.jpg 2560w, https:\/\/schlaeger.com\/wp-content\/uploads\/2024\/01\/Schlaeger_522_-300x241.jpg 300w, https:\/\/schlaeger.com\/wp-content\/uploads\/2024\/01\/Schlaeger_522_-1024x821.jpg 1024w, https:\/\/schlaeger.com\/wp-content\/uploads\/2024\/01\/Schlaeger_522_-768x616.jpg 768w, https:\/\/schlaeger.com\/wp-content\/uploads\/2024\/01\/Schlaeger_522_-1536x1231.jpg 1536w, https:\/\/schlaeger.com\/wp-content\/uploads\/2024\/01\/Schlaeger_522_-2048x1642.jpg 2048w\" sizes=\"(max-width: 2560px) 100vw, 2560px\" \/>\t\t\t\t\t\t\t\t\t\t\t\t\t\t\t<\/div>\n\t\t\t\t<\/div>\n\t\t\t\t<\/div>\n\t\t\t\t<\/div>\n\t\t<div class=\"elementor-element elementor-element-5636f871 e-con-full e-flex e-con e-parent\" data-id=\"5636f871\" data-element_type=\"container\" data-e-type=\"container\" data-settings=\"{&quot;background_background&quot;:&quot;classic&quot;}\">\n\t\t<div class=\"elementor-element elementor-element-474a6b2 e-con-full e-flex e-con e-child\" data-id=\"474a6b2\" data-element_type=\"container\" data-e-type=\"container\">\n\t\t\t\t<div class=\"elementor-element elementor-element-44a44585 elementor-widget elementor-widget-heading\" data-id=\"44a44585\" data-element_type=\"widget\" data-e-type=\"widget\" data-widget_type=\"heading.default\">\n\t\t\t\t<div class=\"elementor-widget-container\">\n\t\t\t\t\t<h2 class=\"elementor-heading-title elementor-size-default\">What We Can\n<p><span style=\"text-align: var(--text-align)\"><font color=\"#00a6d0\">Do for You<\/font><\/span><span style=\"color: var( --e-global-color-accent );text-align: var(--text-align)\"><\/span><font color=\"#00a6d0\"><br><\/font><\/p><\/h2>\t\t\t\t<\/div>\n\t\t\t\t<\/div>\n\t\t\t\t<\/div>\n\t\t<div class=\"elementor-element elementor-element-7fe041ae e-con-full elementor-hidden-tablet elementor-hidden-mobile e-flex e-con e-child\" data-id=\"7fe041ae\" data-element_type=\"container\" data-e-type=\"container\">\n\t\t\t\t<\/div>\n\t\t<div class=\"elementor-element elementor-element-650f245f e-con-full e-flex e-con e-child\" data-id=\"650f245f\" data-element_type=\"container\" data-e-type=\"container\">\n\t\t\t\t<div class=\"elementor-element elementor-element-245ed8c6 elementor-widget elementor-widget-text-editor\" data-id=\"245ed8c6\" data-element_type=\"widget\" data-e-type=\"widget\" data-widget_type=\"text-editor.default\">\n\t\t\t\t<div class=\"elementor-widget-container\">\n\t\t\t\t\t\t\t\t\t<ul><li>Our manufacturing technology covers a broad spectrum \u2013 from development through to series ramp-up:<\/li><li class=\"translation-block\">Design and test setups (mechanical &amp; electrical)<\/li><li><b>Process window definition<\/b><\/li><li class=\"translation-block\">Transfer to standardized series stations<\/li><li class=\"translation-block\">Scalable automation levels with proven equipment partners<\/li><li><b>Planning and implementation of high-volume production lines<\/b><\/li><li class=\"translation-block\">Safe Launch: secure transition into series production through intensified testing of parts and processes<\/li><\/ul>\t\t\t\t\t\t\t\t<\/div>\n\t\t\t\t<\/div>\n\t\t\t\t<\/div>\n\t\t\t\t<\/div>\n\t\t<div class=\"elementor-element elementor-element-4af8f6b1 e-con-full e-flex e-con e-parent\" data-id=\"4af8f6b1\" data-element_type=\"container\" data-e-type=\"container\">\n\t\t<div class=\"elementor-element elementor-element-5fb9a6ba e-con-full e-flex e-con e-child\" data-id=\"5fb9a6ba\" data-element_type=\"container\" data-e-type=\"container\">\n\t\t\t\t<div class=\"elementor-element elementor-element-479361a0 elementor-widget elementor-widget-heading\" data-id=\"479361a0\" data-element_type=\"widget\" data-e-type=\"widget\" data-widget_type=\"heading.default\">\n\t\t\t\t<div class=\"elementor-widget-container\">\n\t\t\t\t\t<h2 class=\"elementor-heading-title elementor-size-default\"><p style=\"color: #00A6D0\">Our<\/p>Technologies<\/h2>\t\t\t\t<\/div>\n\t\t\t\t<\/div>\n\t\t\t\t<\/div>\n\t\t<div class=\"elementor-element elementor-element-1bd62582 e-con-full e-flex e-con e-child\" data-id=\"1bd62582\" data-element_type=\"container\" data-e-type=\"container\">\n\t\t<div class=\"elementor-element elementor-element-1ccf31af e-grid e-con-boxed e-con e-child\" data-id=\"1ccf31af\" data-element_type=\"container\" data-e-type=\"container\">\n\t\t\t\t\t<div class=\"e-con-inner\">\n\t\t\t\t<div class=\"elementor-element elementor-element-770adec0 elementor-widget elementor-widget-text-editor\" data-id=\"770adec0\" data-element_type=\"widget\" data-e-type=\"widget\" data-widget_type=\"text-editor.default\">\n\t\t\t\t<div class=\"elementor-widget-container\">\n\t\t\t\t\t\t\t\t\t<p>We are prepared for every volume scenario, ramp-ups and product phase-outs. Our strength is built on many powerful competencies:<\/p>\t\t\t\t\t\t\t\t<\/div>\n\t\t\t\t<\/div>\n\t\t\t\t\t<\/div>\n\t\t\t\t<\/div>\n\t\t\t\t<\/div>\n\t\t<div class=\"elementor-element elementor-element-1e38618a e-con-full e-flex e-con e-child\" data-id=\"1e38618a\" data-element_type=\"container\" data-e-type=\"container\">\n\t\t<div class=\"elementor-element elementor-element-5d0e1c2 e-grid e-con-boxed e-con e-child\" data-id=\"5d0e1c2\" data-element_type=\"container\" data-e-type=\"container\">\n\t\t\t\t\t<div class=\"e-con-inner\">\n\t\t\t\t<div class=\"elementor-element elementor-element-4971e90 elementor-widget elementor-widget-image\" data-id=\"4971e90\" data-element_type=\"widget\" data-e-type=\"widget\" data-widget_type=\"image.default\">\n\t\t\t\t<div class=\"elementor-widget-container\">\n\t\t\t\t\t\t\t\t\t\t\t\t\t\t\t<img decoding=\"async\" width=\"2560\" height=\"1707\" src=\"https:\/\/schlaeger.com\/wp-content\/uploads\/2024\/02\/Schlaeger_160-scaled.jpg\" class=\"attachment-full size-full wp-image-689\" alt=\"schlaeger Mechaniker bei der Arbeit\" srcset=\"https:\/\/schlaeger.com\/wp-content\/uploads\/2024\/02\/Schlaeger_160-scaled.jpg 2560w, https:\/\/schlaeger.com\/wp-content\/uploads\/2024\/02\/Schlaeger_160-300x200.jpg 300w, https:\/\/schlaeger.com\/wp-content\/uploads\/2024\/02\/Schlaeger_160-1024x683.jpg 1024w, https:\/\/schlaeger.com\/wp-content\/uploads\/2024\/02\/Schlaeger_160-768x512.jpg 768w, https:\/\/schlaeger.com\/wp-content\/uploads\/2024\/02\/Schlaeger_160-1536x1024.jpg 1536w, https:\/\/schlaeger.com\/wp-content\/uploads\/2024\/02\/Schlaeger_160-2048x1365.jpg 2048w\" sizes=\"(max-width: 2560px) 100vw, 2560px\" \/>\t\t\t\t\t\t\t\t\t\t\t\t\t\t\t<\/div>\n\t\t\t\t<\/div>\n\t\t<div class=\"elementor-element elementor-element-c2cdf66 e-flex e-con-boxed e-con e-child\" data-id=\"c2cdf66\" data-element_type=\"container\" data-e-type=\"container\">\n\t\t\t\t\t<div class=\"e-con-inner\">\n\t\t\t\t<div class=\"elementor-element elementor-element-6d51d5c elementor-widget elementor-widget-heading\" data-id=\"6d51d5c\" data-element_type=\"widget\" data-e-type=\"widget\" data-widget_type=\"heading.default\">\n\t\t\t\t<div class=\"elementor-widget-container\">\n\t\t\t\t\t<h3 class=\"elementor-heading-title elementor-size-default\">Electrical Contacting Technology\n\n<\/h3>\t\t\t\t<\/div>\n\t\t\t\t<\/div>\n\t\t\t\t<div class=\"elementor-element elementor-element-dbb118e elementor-widget elementor-widget-text-editor\" data-id=\"dbb118e\" data-element_type=\"widget\" data-e-type=\"widget\" data-widget_type=\"text-editor.default\">\n\t\t\t\t<div class=\"elementor-widget-container\">\n\t\t\t\t\t\t\t\t\t<ul class=\"list-normal\"><li>Resistance welding, hot staking, tab, sleeve and thermocompression processes\u00a0<\/li><li>Automated soldering processes with stripping systems<\/li><\/ul>\t\t\t\t\t\t\t\t<\/div>\n\t\t\t\t<\/div>\n\t\t\t\t<div class=\"elementor-element elementor-element-32cf630 elementor-widget elementor-widget-heading\" data-id=\"32cf630\" data-element_type=\"widget\" data-e-type=\"widget\" data-widget_type=\"heading.default\">\n\t\t\t\t<div class=\"elementor-widget-container\">\n\t\t\t\t\t<h3 class=\"elementor-heading-title elementor-size-default\">Injection Molding Technology<\/h3>\t\t\t\t<\/div>\n\t\t\t\t<\/div>\n\t\t\t\t<div class=\"elementor-element elementor-element-ff046e2 elementor-widget elementor-widget-text-editor\" data-id=\"ff046e2\" data-element_type=\"widget\" data-e-type=\"widget\" data-widget_type=\"text-editor.default\">\n\t\t\t\t<div class=\"elementor-widget-container\">\n\t\t\t\t\t\t\t\t\t<ul class=\"list-normal\"><li>Vertical and horizontal injection molding machines with manual loading<\/li><li>Rotary table injection molding machines up to 1500 kN<\/li><li>Fully electric micro injection molding down to 0.01 g<\/li><li>Insert and outsert technology with full hot-runner systems<\/li><li>Fully and semi-automated production modules with downstream operations<\/li><\/ul>\t\t\t\t\t\t\t\t<\/div>\n\t\t\t\t<\/div>\n\t\t\t\t\t<\/div>\n\t\t\t\t<\/div>\n\t\t<div class=\"elementor-element elementor-element-4ce5cd7 e-flex e-con-boxed e-con e-child\" data-id=\"4ce5cd7\" data-element_type=\"container\" data-e-type=\"container\">\n\t\t\t\t\t<div class=\"e-con-inner\">\n\t\t\t\t<div class=\"elementor-element elementor-element-1b6adc9 elementor-widget elementor-widget-heading\" data-id=\"1b6adc9\" data-element_type=\"widget\" data-e-type=\"widget\" data-widget_type=\"heading.default\">\n\t\t\t\t<div class=\"elementor-widget-container\">\n\t\t\t\t\t<h3 class=\"elementor-heading-title elementor-size-default\">Assembly and Joining Processes\n\n<\/h3>\t\t\t\t<\/div>\n\t\t\t\t<\/div>\n\t\t\t\t<div class=\"elementor-element elementor-element-f4168bd elementor-widget elementor-widget-text-editor\" data-id=\"f4168bd\" data-element_type=\"widget\" data-e-type=\"widget\" data-widget_type=\"text-editor.default\">\n\t\t\t\t<div class=\"elementor-widget-container\">\n\t\t\t\t\t\t\t\t\t<ul class=\"list-normal\"><li>Laser welding and scanner systems<\/li><li>Press-fitting and staking with force-displacement monitoring<\/li><\/ul>\t\t\t\t\t\t\t\t<\/div>\n\t\t\t\t<\/div>\n\t\t\t\t<div class=\"elementor-element elementor-element-67672c8 elementor-widget elementor-widget-heading\" data-id=\"67672c8\" data-element_type=\"widget\" data-e-type=\"widget\" data-widget_type=\"heading.default\">\n\t\t\t\t<div class=\"elementor-widget-container\">\n\t\t\t\t\t<h3 class=\"elementor-heading-title elementor-size-default\">Winding Technology<\/h3>\t\t\t\t<\/div>\n\t\t\t\t<\/div>\n\t\t\t\t<div class=\"elementor-element elementor-element-9cbad7a elementor-widget elementor-widget-text-editor\" data-id=\"9cbad7a\" data-element_type=\"widget\" data-e-type=\"widget\" data-widget_type=\"text-editor.default\">\n\t\t\t\t<div class=\"elementor-widget-container\">\n\t\t\t\t\t\t\t\t\t<ul class=\"list-normal\"><li>Highly integrated production lines with &gt; 25 workstations<\/li><li>4- to 18-spindle winding machines<\/li><li>Wire diameters from 0.05 to 1.0 mm in all insulation classes<\/li><li>Manually loaded winding machines<\/li><li>All winding technologies: needle winding, flat-wire winding and linear winding<\/li><\/ul>\t\t\t\t\t\t\t\t<\/div>\n\t\t\t\t<\/div>\n\t\t\t\t<div class=\"elementor-element elementor-element-f136533 elementor-widget elementor-widget-heading\" data-id=\"f136533\" data-element_type=\"widget\" data-e-type=\"widget\" data-widget_type=\"heading.default\">\n\t\t\t\t<div class=\"elementor-widget-container\">\n\t\t\t\t\t<h3 class=\"elementor-heading-title elementor-size-default\">Test Technologies and Marking Processes<\/h3>\t\t\t\t<\/div>\n\t\t\t\t<\/div>\n\t\t\t\t<div class=\"elementor-element elementor-element-343c978 elementor-widget elementor-widget-text-editor\" data-id=\"343c978\" data-element_type=\"widget\" data-e-type=\"widget\" data-widget_type=\"text-editor.default\">\n\t\t\t\t<div class=\"elementor-widget-container\">\n\t\t\t\t\t\t\t\t\t<ul class=\"list-normal\"><li>Electrical test methods for R, L, Q<\/li><li>Surge voltage testing (100%)<\/li><li>Dot peen marking, laser and inkjet systems<\/li><li>In-house end-of-line test modules and traceability concepts<\/li><\/ul>\t\t\t\t\t\t\t\t<\/div>\n\t\t\t\t<\/div>\n\t\t\t\t\t<\/div>\n\t\t\t\t<\/div>\n\t\t\t\t<div class=\"elementor-element elementor-element-6aab9f2 elementor-widget elementor-widget-image\" data-id=\"6aab9f2\" data-element_type=\"widget\" data-e-type=\"widget\" data-widget_type=\"image.default\">\n\t\t\t\t<div class=\"elementor-widget-container\">\n\t\t\t\t\t\t\t\t\t\t\t\t\t\t\t<img decoding=\"async\" width=\"2560\" height=\"1707\" src=\"https:\/\/schlaeger.com\/wp-content\/uploads\/2024\/02\/Schlaeger_360-scaled.jpg\" class=\"attachment-full size-full wp-image-806\" alt=\"Qualit\u00e4tssicherung bei schlaeger\" srcset=\"https:\/\/schlaeger.com\/wp-content\/uploads\/2024\/02\/Schlaeger_360-scaled.jpg 2560w, https:\/\/schlaeger.com\/wp-content\/uploads\/2024\/02\/Schlaeger_360-300x200.jpg 300w, https:\/\/schlaeger.com\/wp-content\/uploads\/2024\/02\/Schlaeger_360-1024x683.jpg 1024w, https:\/\/schlaeger.com\/wp-content\/uploads\/2024\/02\/Schlaeger_360-768x512.jpg 768w, https:\/\/schlaeger.com\/wp-content\/uploads\/2024\/02\/Schlaeger_360-1536x1024.jpg 1536w, https:\/\/schlaeger.com\/wp-content\/uploads\/2024\/02\/Schlaeger_360-2048x1365.jpg 2048w\" sizes=\"(max-width: 2560px) 100vw, 2560px\" \/>\t\t\t\t\t\t\t\t\t\t\t\t\t\t\t<\/div>\n\t\t\t\t<\/div>\n\t\t\t\t\t<\/div>\n\t\t\t\t<\/div>\n\t\t\t\t<\/div>\n\t\t\t\t<\/div>\n\t\t\t\t<\/div>","protected":false},"excerpt":{"rendered":"<p>Keine Katalogware Auch bei Maschinen- und Prozesstechnik Bei schlaeger arbeiten Prozess- und Produktentwicklung eng zusammen. Aus ersten Entw\u00fcrfen entstehen Prototypen, auf deren Basis wir die Prozesse f\u00fcr die sp\u00e4tere Serienfertigung entwickeln und die Vorgaben f\u00fcr Werkzeuge und Formen ableiten. In der Anlagen- und Maschinenentwicklung setzen wir auf langj\u00e4hrige Partnerschaften. Wir \u00fcbernehmen das Projektmanagement f\u00fcr unsere [&hellip;]<\/p>\n","protected":false},"author":1,"featured_media":0,"parent":23,"menu_order":3,"comment_status":"closed","ping_status":"closed","template":"","meta":{"footnotes":""},"class_list":["post-228","page","type-page","status-publish","hentry"],"_links":{"self":[{"href":"https:\/\/schlaeger.com\/en\/wp-json\/wp\/v2\/pages\/228","targetHints":{"allow":["GET"]}}],"collection":[{"href":"https:\/\/schlaeger.com\/en\/wp-json\/wp\/v2\/pages"}],"about":[{"href":"https:\/\/schlaeger.com\/en\/wp-json\/wp\/v2\/types\/page"}],"author":[{"embeddable":true,"href":"https:\/\/schlaeger.com\/en\/wp-json\/wp\/v2\/users\/1"}],"replies":[{"embeddable":true,"href":"https:\/\/schlaeger.com\/en\/wp-json\/wp\/v2\/comments?post=228"}],"version-history":[{"count":22,"href":"https:\/\/schlaeger.com\/en\/wp-json\/wp\/v2\/pages\/228\/revisions"}],"predecessor-version":[{"id":1737,"href":"https:\/\/schlaeger.com\/en\/wp-json\/wp\/v2\/pages\/228\/revisions\/1737"}],"up":[{"embeddable":true,"href":"https:\/\/schlaeger.com\/en\/wp-json\/wp\/v2\/pages\/23"}],"wp:attachment":[{"href":"https:\/\/schlaeger.com\/en\/wp-json\/wp\/v2\/media?parent=228"}],"curies":[{"name":"wp","href":"https:\/\/api.w.org\/{rel}","templated":true}]}}