{"id":232,"date":"2024-02-06T13:37:27","date_gmt":"2024-02-06T12:37:27","guid":{"rendered":"https:\/\/schlaeger.com\/?page_id=232"},"modified":"2024-02-21T11:11:19","modified_gmt":"2024-02-21T10:11:19","slug":"impressum","status":"publish","type":"page","link":"https:\/\/schlaeger.com\/en\/impressum\/","title":{"rendered":"Legal Notice"},"content":{"rendered":"<div data-elementor-type=\"wp-page\" data-elementor-id=\"232\" class=\"elementor elementor-232\" data-elementor-post-type=\"page\">\n\t\t\t\t<div class=\"elementor-element elementor-element-646ecbe e-flex e-con-boxed e-con e-parent\" data-id=\"646ecbe\" data-element_type=\"container\" data-e-type=\"container\">\n\t\t\t\t\t<div class=\"e-con-inner\">\n\t\t\t\t<div class=\"elementor-element elementor-element-0e46335 elementor-widget elementor-widget-text-editor\" data-id=\"0e46335\" data-element_type=\"widget\" data-e-type=\"widget\" data-widget_type=\"text-editor.default\">\n\t\t\t\t<div class=\"elementor-widget-container\">\n\t\t\t\t\t\t\t\t\t<h2>Inhaltlich verantwortlich:<\/h2>\nSchlaeger M-Tech GmbH <br>\nRitter-von-Eitzenberger-Str. 10<br>\n95448 Bayreuth<br>\nPhone: <a style=\"color: #313364;\" href=\"\/en\/+499219130\/\">+49 (0)921\/913-0<\/a><br>\nFax: +49 (0)921\/913-130<br>\nE-Mail:\u00a0<a style=\"color: #313364;\" href=\"mailto:info(at)schlaeger.com\">info(at)schlaeger.com<\/a><br><br>\n\nGesch\u00e4ftsf\u00fchrer:\n\nDipl. Ing. Anton Fuchs<br>\nUlrich K\u00fcchler<br><br>\n\nRegistergericht Bayreuth<br>\nHRB 4406<br>\nUst.-ID Nr: DE814766017\t\t\t\t\t\t\t\t<\/div>\n\t\t\t\t<\/div>\n\t\t\t\t\t<\/div>\n\t\t\t\t<\/div>\n\t\t\t\t<\/div>","protected":false},"excerpt":{"rendered":"<p>Inhaltlich verantwortlich: Schlaeger M-Tech GmbH Ritter-von-Eitzenberger-Str. 10 95448 Bayreuth Phone: +49 (0)921\/913-0 Fax: +49 (0)921\/913-130 E-Mail:\u00a0info(at)schlaeger.com Gesch\u00e4ftsf\u00fchrer: Dipl. Ing. Anton Fuchs Ulrich K\u00fcchler Registergericht Bayreuth HRB 4406 Ust.-ID Nr: DE814766017<\/p>","protected":false},"author":1,"featured_media":0,"parent":0,"menu_order":0,"comment_status":"closed","ping_status":"closed","template":"","meta":{"footnotes":""},"class_list":["post-232","page","type-page","status-publish","hentry"],"_links":{"self":[{"href":"https:\/\/schlaeger.com\/en\/wp-json\/wp\/v2\/pages\/232","targetHints":{"allow":["GET"]}}],"collection":[{"href":"https:\/\/schlaeger.com\/en\/wp-json\/wp\/v2\/pages"}],"about":[{"href":"https:\/\/schlaeger.com\/en\/wp-json\/wp\/v2\/types\/page"}],"author":[{"embeddable":true,"href":"https:\/\/schlaeger.com\/en\/wp-json\/wp\/v2\/users\/1"}],"replies":[{"embeddable":true,"href":"https:\/\/schlaeger.com\/en\/wp-json\/wp\/v2\/comments?post=232"}],"version-history":[{"count":13,"href":"https:\/\/schlaeger.com\/en\/wp-json\/wp\/v2\/pages\/232\/revisions"}],"predecessor-version":[{"id":607,"href":"https:\/\/schlaeger.com\/en\/wp-json\/wp\/v2\/pages\/232\/revisions\/607"}],"wp:attachment":[{"href":"https:\/\/schlaeger.com\/en\/wp-json\/wp\/v2\/media?parent=232"}],"curies":[{"name":"wp","href":"https:\/\/api.w.org\/{rel}","templated":true}]}}