{"id":3,"date":"2024-01-18T12:21:46","date_gmt":"2024-01-18T11:21:46","guid":{"rendered":"https:\/\/schlaeger.com\/?page_id=3"},"modified":"2026-03-24T12:08:14","modified_gmt":"2026-03-24T11:08:14","slug":"datenschutzerklaerung","status":"publish","type":"page","link":"https:\/\/schlaeger.com\/en\/datenschutzerklaerung\/","title":{"rendered":"Privacy Policy"},"content":{"rendered":"<div data-elementor-type=\"wp-page\" data-elementor-id=\"3\" class=\"elementor elementor-3\" data-elementor-post-type=\"page\">\n\t\t\t\t<div class=\"elementor-element elementor-element-74df3653 e-flex e-con-boxed e-con e-parent\" data-id=\"74df3653\" data-element_type=\"container\" data-e-type=\"container\">\n\t\t\t\t\t<div class=\"e-con-inner\">\n\t\t\t\t<div class=\"elementor-element elementor-element-1eedc8d elementor-widget elementor-widget-text-editor\" data-id=\"1eedc8d\" data-element_type=\"widget\" data-e-type=\"widget\" data-widget_type=\"text-editor.default\">\n\t\t\t\t<div class=\"elementor-widget-container\">\n\t\t\t\t\t\t\t\t\t<h1>Datenschutzerkl\u00e4rung der Schlaeger-Gruppe<\/h1><p>\u00a71 Information \u00fcber die Erhebung personenbezogener Daten<\/p><p>(1) Im Folgenden informieren wir \u00fcber die Erhebung personenbezogener Daten bei der Inanspruchnahme unserer Leistungen, bei Nutzung unserer Angebote und unserer Website, sowie \u00fcber die Datenverarbeitung im Arbeitsverh\u00e4ltnis. Personenbezogene Daten sind alle Daten, die auf Sie pers\u00f6nlich beziehbar sind, z. B. Name, Adresse, E-Mail-Adressen, Nutzerverhalten. Wir verarbeiten personenbezogene Daten im Einklang mit den Bestimmungen der EU-Datenschutzgrundverordnung (DSGVO) und dem Bundesdatenschutzgesetz (BDSG) ausschlie\u00dflich zur Erf\u00fcllung von vertraglichen Pflichten (Art 6 Abs. 1 b DSGVO), aufgrund Ihrer Einwilligung (Art. 6 Abs. 1 a DSGVO) oder aufgrund gesetzlicher Vorgaben (Art. 6 Abs. 1 c DSGVO).<\/p><p>(2) Verantwortlicher gem. Art.\u00a04 Abs.\u00a07 EU-Datenschutz-Grundverordnung (DS-GVO) ist die die Schlaeger Kunststofftechnik GmbH, Ritter-von-Eitzenberger-Stra\u00dfe 10, 95448 Bayreuth, vertreten durch die Gesch\u00e4ftsf\u00fchrer Anton Fuchs und Ulrich K\u00fcchler.<\/p><p>(3) Unseren Datenschutzbeauftragten, RA Christian Becker, F.E.L.S Rechtsanwaltsgesellschaft mbH, L\u00f6hestra\u00dfe 11, 95444 Bayreuth erreichen Sie unter datenschutz@fels-legal.de oder unserer Postadresse mit dem Zusatz \u201eder Datenschutzbeauftragte\u201c.<\/p><p>(4) Die Verarbeitung von Daten erfolgt zun\u00e4chst zur Erf\u00fcllung der dem Arbeitgeber obliegenden Pflichten aus dem Arbeitsverh\u00e4ltnis. Die genaue Verarbeitung h\u00e4ngt davon ab, welches Ziel verfolgt wird. Beispielhaft werden der Name, die Adresse, das Geburtsdatum und die Konfession bei der Lohnabrechnung gebraucht. Bei der Einteilung in bestimmte Abteilungen wird neben Ihrem Namen gegebenenfalls auch Ihre bisherige Leistung an den jeweils f\u00fcr die Ausbildung zust\u00e4ndigen weitergegeben. Sofern Sie Urlaub beantragen wird neben Ihrem Namen und ihrem verbliebenen Urlaubsanspruch auch die Zeit Ihrer Abwesenheit erfasst. Soweit f\u00fcr Sie eine Dienstreisekaskoversicherung abgeschlossen worden ist werden die Daten auch f\u00fcr die Versicherungsleistungen verarbeitet und an die Mannheimer Versicherungs AG weitergeleitet.<\/p><p>(5) Wir verarbeiten Daten auch zu werblichen Zwecken, jedoch nur, wenn Sie hierf\u00fcr eine separate Einwilligung erteilt haben. Die von Ihnen insofern freiwillig zur Verf\u00fcgung gestellten Daten werden genutzt, um uns als Unternehmensgruppe zu repr\u00e4sentieren, da sich Sie sich mit Ihren Mitarbeitern identifiziert und \u00fcber diese definiert. In Betracht kommen als Werbema\u00dfnahmen insofern die Verwendung von Namen und Bild auf unserer Homepage oder in Printmedien.<\/p><p>(6) Wir ben\u00f6tigen die erhobenen Daten auch, um Sie mit Informationsmaterial \u00fcber unser Leistungsangebot zu bedienen. Sie k\u00f6nnen bei der Eingabe Ihrer Anschrift der Zusendung von Informationsmaterial zu weiteren Veranstaltungen widersprechen indem Sie nicht in unser diesbez\u00fcgliches Werbe- und Informationsangebot einwilligen.<\/p><p>(7) Falls wir f\u00fcr einzelne Funktionen unseres Angebots auf beauftragte Dienstleister zur\u00fcckgreifen oder Ihre Daten f\u00fcr werbliche Zwecke nutzen m\u00f6chten, werden wir Sie untenstehend im Detail \u00fcber die jeweiligen Vorg\u00e4nge informieren. Dabei nennen wir auch die festgelegten Kriterien der Speicherdauer.<\/p><p>(8) Im Rahmen der gemeinsamen Verantwortung von personenbezogenen Daten nach Art. 26 DSGVO ist die Schlaeger Kunststofftechnik GmbH verantwortlich f\u00fcr den Betrieb informationstechnischer Systeme, in denen derartige Daten gespeichert werden, und ist innerhalb der Schlaeger-Gruppe f\u00fcr die Betroffeneninformation verantwortlich.<\/p><p>\u00a7 2 Betroffenenrechte<\/p><p>(1) We hereby inform you of your rights as a data subject as set out below:<\/p><ul><li>Existence of a right of access in accordance with the conditions of Art. 15 GDPR, the right to rectification pursuant to Art. 16 GDPR, the right to erasure pursuant to Art. 17 GDPR, the right to restriction of processing in accordance with Art. 18 GDPR, or the right to object to processing pursuant to Art. 21 GDPR where processing is based on legitimate interests, as well as the right to data portability pursuant to Art. 20 GDPR.<\/li><li>Existence of the right to withdraw consent under data protection law pursuant to Art. 6 para. 1 lit. a or Art. 9 para. 2 lit. a GDPR at any time, without giving reasons and without formal requirements, without affecting the lawfulness of processing carried out on the basis of consent before its withdrawal.<\/li><li>Jeder Betroffene hat bei Datenschutzrechtsverst\u00f6\u00dfen des Verantwortlichen oder einer seiner Auftragsdatenverarbeiter das Recht zur Beschwerde bei der zust\u00e4ndigen Beh\u00f6rde. Dies ist:<\/li><\/ul><p>Bayerisches Landesamt f\u00fcr Datenschutzaufsicht (BayLDA)<\/p><p>Promenade 27<\/p><p>91522 Ansbach<\/p><p>Telefon: +49 (0) 981 53 1300<\/p><p>Telefax: +49 (0) 981 53 98 1300<\/p><p>Mail: poststelle@lda.bayern.de<\/p><p>Dar\u00fcber hinaus haben Betroffene die M\u00f6glichkeit, sich an die Aufsichtsbeh\u00f6rde an ihrem gew\u00f6hnlichen Aufenthaltsort (Wohnort) zu wenden.<\/p><p>\u00a7 3 Sicherheitsma\u00dfnahmen<\/p><p>We implement organizational, contractual and technical security measures in accordance with the state of the art to ensure compliance with data protection regulations and to protect the data we process against accidental or intentional manipulation, loss, destruction or unauthorized access.<\/p><p>Zu den Sicherheitsma\u00dfnahmen geh\u00f6rt insbesondere die verschl\u00fcsselte \u00dcbertragung von Daten zwischen Ihrem Browser und unserem Server.<\/p><p>\u00a7 4 L\u00f6schen<\/p><p>Sofern Ihre Daten zur Durchf\u00fchrung des Arbeitsverh\u00e4ltnisses erfasst wurden l\u00f6schen wir diese am Ende des Jahres, in welchem die letzten Anspr\u00fcche aus dem Arbeitsverh\u00e4ltnis verj\u00e4hrt sind. Sofern wir Ihre Daten zu Werbezwecken gespeichert haben l\u00f6schen wir diese am Ende des Jahres, in welchem Sie unser Unternehmen verlassen haben. Steuerrelevante Unterlagen werden im Rahmen der gesetzlichen Fristen vernichtet.<\/p><p>\u00a7 5 Bewerbungen<\/p><p>(1) Sofern Sie sich initial oder auf eine Stellenausschreibung bewerben werden Ihre Daten ausschlie\u00dflich von der Personalabteilung und ggf. direkt betroffenen Vorgesetzten der Position, auf die Sie sich bewerben, offengelegt. Ihre Daten werden nach 6 Monaten, wenn Sie hierin eingewilligt haben nach 12 Monaten von uns gel\u00f6scht, wenn nicht ein Arbeitsverh\u00e4ltnis zwischen Ihnen und uns begr\u00fcndet wird. Die Verarbeitung Ihrer Daten basiert auf Art. 6 Satz 1 lit. b) DSGVO sowie \u00a7 26 BDSG<\/p><p>(2) Bewerben Sie sich \u00fcber unser Karriereportal auf unserer Homepage, dann werden Ihre Daten zun\u00e4chst an Rechenzentrum der d.vinci HR-Systems GmbH in Hamburg \u00fcbermittelt. Die d.vinci nimmt regelm\u00e4\u00dfig keinen Einsicht in die Daten von Bewerbern, sondern greift auf die Systeme nur zu Wartungszwecken zu. Die \u00dcbermittlung der Daten an das Rechenzentrum und unser Zugriff auf diese Daten erfolgt verschl\u00fcsselt, innerhalb des Rechenzentrum sind die Daten verschl\u00fcsselt. Nach Ablauf von sechs Monaten, wenn Sie uns eine entsprechende Einwilligung erteilt haben nach zw\u00f6lf Monaten l\u00f6schen wir Ihre Daten vollst\u00e4ndig, wenn nicht ein Arbeitsverh\u00e4ltnis zwischen Ihnen und uns begr\u00fcndet wird.<\/p><p>(3) Sofern wir Ihre Unterlagen auf Basis Ihrer datenschutzrechtlichen Einwilligung, Art. 6 Satz 1 lit. a) DSGVO, verarbeiten steht Ihnen jederzeit mit Wirkung f\u00fcr die Zukunft das Recht zu, Ihre Einwilligung zu widerrufen. Im Falle Ihres Widerrufs l\u00f6schen wir Ihre Daten unverz\u00fcglich. Ihren Widerspruch richten sie bitte per Email an die <a href=\"mailto:info@schlaeger.com\">info@schlaeger.com<\/a> oder per Post an die Schlaeger Kunststofftechnik GmbH, Ritter-von-Eitzenberger-Str. 10, 95448 Bayreuth.<\/p><p>\u00a7 6 Video\u00fcberwachung<\/p><p>Unser Gel\u00e4nde und Teile der Produktionshallen werden video\u00fcberwacht. Die Kameras erfassen keine \u00f6ffentlichen Bereiche und sind nicht auf Fremdsystemen installiert, sondern befinden sich nur auf on-premise-Systemen, die im Eigentum unseres Unternehmens und in unseren R\u00e4umlichkeiten befindlich sind.<\/p><p>Die Videoaufzeichnungen dienen zur Nachverfolgung von Straftaten, Besch\u00e4digungen und dazu, technische Abl\u00e4ufe zu \u00fcberwachen und nachvollziehen zu k\u00f6nnen. Die Videoaufzeichnungen werden nach 72 Stunden von unseren Systemen gel\u00f6scht. Ausnahmen hiervon bestehen nur im Falle von Feiertagen, die mehr als 3 Werktage oder mehr umfassen oder zusammen mit einem Wochenende 3 oder mehr Tage ergeben, in denen kein Mitarbeiter der Verwaltung oder der IT regelm\u00e4\u00dfig vor Ort ist. In diesen F\u00e4llen wird die Speicherdauer so angepasst, dass am n\u00e4chsten Werktag eine Einsicht m\u00f6glich ist.<\/p><p>Videoaufzeichnungen, die tats\u00e4chlich beweiserheblich sind, speichern wir abh\u00e4ngig von der Aufnahme im Rahmen der Verj\u00e4hrung von Anspr\u00fcchen, die sich aus den aufgezeichneten Handlungen ergeben. Dies sind bei Vandalismus und anderen Straftaten regelm\u00e4\u00dfig 10 Jahre.<\/p><p>\u00a7 7 Auftragsverarbeiter<\/p><p>Mannheimer Versicherung AG, Augustaanlage 66 68165 Mannheim, vertreten durch den Vorstand Dr. Christoph Helmich (Vorsitzender), Dr. Gerhard Schmitz (stv. Vorsitzender), Stefan Andersch, Alf N. Schlegel, J\u00fcrgen W\u00f6rner. Die Datenschutzerkl\u00e4rung finden Sie hier: <a href=\"https:\/\/www.mannheimer.de\/datenschutz\" target=\"_blank\" rel=\"noopener\">https:\/\/www.mannheimer.de\/datenschutz<\/a><\/p><p>Das Hosting unserer Website erfolgt \u00fcber die dogado GmbH, Antonio-Segni-Stra\u00dfe 11, 44263 Dortmund, vertreten durch die Gesch\u00e4ftsf\u00fchrenden Daniel hagemeier und Dr. Florian Kopshoff, Christian Sellmann. Die Datenschutzerkl\u00e4rung finden Sie hier: https:\/\/www.dogado.de\/legal\/datenschutz. Die Verwendung der Daten durch doagdo erfolgt auf Grundlage von Art. 6 Abs. 1 lit. f. DS-GVO.<\/p><p>F\u00fcr das Bewerbermanagement nutzen wir Dienste der d.vinci HR-Systems GmbH, Nagelsweg 37-39 in 20097 Hamburg. Mit der d.vinci HR-Systems GmbH ist ein Auftragsverarbeitungsvertrag geschlossen worden, die Datenschutzerkl\u00e4rung der d.vinci HR System GmbH finden Sie hier: <a href=\"https:\/\/www.dvinci.de\/datenschutz\/\" target=\"_blank\" rel=\"noopener\">https:\/\/www.dvinci.de\/datenschutz\/<\/a><\/p><p>\u00a7 8 Erhebung personenbezogener Daten bei Besuch unserer Website<\/p><p>(1) Bei der <strong>blo\u00df informatorischen Nutzung der Website<\/strong>, also wenn Sie sich nicht registrieren oder uns anderweitig Informationen \u00fcbermitteln, erheben wir nur die personenbezogenen Daten, die Ihr Browser an unseren Server \u00fcbermittelt. Wenn Sie unsere Website betrachten m\u00f6chten, erheben wir die folgenden Daten, die f\u00fcr uns technisch erforderlich sind, um Ihnen unsere Website anzuzeigen und die Stabilit\u00e4t und Sicherheit zu gew\u00e4hrleisten (Rechtsgrundlage ist Art.\u00a06 Abs.\u00a01 S.\u00a01 lit. f DS-GVO):<\/p><ul><li>IP address<\/li><li>Date and time of the request<\/li><li>Time zone difference to Greenwich Mean Time (GMT)<\/li><li>Content of the request (specific page)<\/li><li>Access status \/ HTTP status code<\/li><li>Amount of data transmitted in each case<\/li><li>Website from which the request originates<\/li><li>Browser<\/li><li>Operating system and its interface<\/li><li>Language and version of the browser software<\/li><\/ul><p>(2) Bei Ihrer <strong>Kontaktaufnahme mit uns per E-Mail<\/strong> oder \u00fcber ein Kontaktformular werden die von Ihnen mitgeteilten Daten (Ihre E-Mail-Adresse, ggf. Ihr Name und Ihre Telefonnummer) von uns gespeichert, um Ihre Fragen zu beantworten. Die in diesem Zusammenhang anfallenden Daten l\u00f6schen wir, nachdem die Speicherung nicht mehr erforderlich ist, oder schr\u00e4nken die Verarbeitung ein, falls gesetzliche Aufbewahrungspflichten bestehen.<\/p><p>(3) In addition to the data mentioned above, cookies are stored on your device when you use our website. Cookies are small text files that are stored on your hard drive and assigned to the browser you are using, through which certain information is transmitted to the entity that sets the cookie (in this case, us). Cookies cannot execute programs or transmit viruses to your computer. They are used to make the website more user-friendly and effective overall.<\/p><p>(4) Use of cookies:<\/p><ol><li style=\"list-style-type: none;\"><ol><li>Diese Website nutzt folgende Arten von Cookies, deren Umfang und Funktionsweise im Folgenden erl\u00e4utert werden:<ul><li>Persistente Cookies (dazu b).<\/li><\/ul><\/li><li>Persistente Cookies werden automatisiert nach einer vorgegebenen Dauer gel\u00f6scht, die sich je nach Cookie unterscheiden kann. Sie k\u00f6nnen die Cookies in den Sicherheitseinstellungen Ihres Browsers jederzeit l\u00f6schen.<\/li><li>Sie k\u00f6nnen Ihre Browser-Einstellung entsprechend Ihren W\u00fcnschen konfigurieren und z. B. die Annahme von Third-Party-Cookies oder allen Cookies ablehnen. Wir weisen Sie darauf hin, dass Sie eventuell nicht alle Funktionen dieser Website nutzen k\u00f6nnen.<\/li><\/ol><\/li><\/ol><p>\u00a7 9 Facebook Fanpage und Instagram-Seite<\/p><p>Wir betreiben eine Facebook-Fanseite sowie eine Instagram-Seite. Diese Seiten sind auch erreichbar, wenn Sie nicht selbst \u00fcber einen Account in den Netzwerker verf\u00fcgen.<\/p><p>Diese Seiten benutzen den Dienst \u201eInsights\u201c, welcher Ihr Nutzungsverhalten erfasst. Wir erhalten diese Daten von Meta grunds\u00e4tzlich auch nur pseudonymisiert, sofern Sie aber aus Ihrem Account heraus mit unserer Seite interagieren, also etwa den \u201eGef\u00e4llt mir\u201c-Button bzw. den Herz-Button, dr\u00fccken, einen Kommentar hinterlassen oder ihr Interesse an einer Veranstaltung markieren, erhalten wir diese Information mit Hinweis auf Ihr Nutzerprofil.<\/p><p>In Hinblick auf den \u201eInsights\u201c-Dienst sind wir mit der Meta Platforms Ireland Limited, 4 Grand Canal Square, Dublin 2 Dublin, gemeinsam Verantwortliche, wir haben mit der Meta Platforms Ireland Limited eine Vereinbarung geschlossen, aus der sich die Verantwortung von Meta f\u00fcr die Pflichten aus den Artt. 12, 13, 15 bis 22 und 32 bis 34 DSGVO ergibt, den Text der Vereinbarung finden Sie hier: <a href=\"https:\/\/www.facebook.com\/legal\/terms\/page_controller_addendum\" target=\"_blank\" rel=\"noopener\">https:\/\/www.facebook.com\/legal\/terms\/page_controller_addendum<\/a>.<\/p><p>Die Datenrichtlinie von Facebook finden Sie hier: <a href=\"https:\/\/www.facebook.com\/privacy\/explanation\" target=\"_blank\" rel=\"noopener\">https:\/\/www.facebook.com\/privacy\/explanation<\/a>. Dort finden Sie insbesondere auch die Informationen, wie Ihre Daten verarbeitet werden.<\/p><p>Die Datenrichtlinie von Instagram finden Sie hier: <a href=\"https:\/\/privacycenter.instagram.com\/policy\/?entry_point=ig_help_center_data_policy_redirect&amp;__coig_consent=1\" target=\"_blank\" rel=\"noopener\">https:\/\/privacycenter.instagram.com\/policy\/?entry_point=ig_help_center_data_policy_redirect&amp;__coig_consent=1<\/a><\/p><p>Die Rechtsgrundlage f\u00fcr die Verarbeitung in Kooperation mit Meta sehen wir, soweit Sie \u00fcber ein Profil verf\u00fcgen und \u00fcber dieses unsere Seite aufrufen in einer \u2013 durch den Besuch konkludent erfolgten \u2013 Einwilligung gem\u00e4\u00df Art. 6 Abs. 1 Satz 1 lit. a) DSGVO.<\/p><p>Daneben sehen wir den Rechtsgrund des \u00fcberwiegenden berechtigten Interesses gem\u00e4\u00df Art. 6 Abs. 1 Satz 1 lit. f) DSGVO gegeben, wobei unser berechtigtes Interesse insofern in unserem Werbe- und Kommunikationsinteresse besteht.<\/p><p>Weiterhin nutzen wir unsere Seite auch zur Mitarbeitersuche. In diesem Kommunikationszwecken liegt auch der Zweck der Verarbeitung personen\u00adbezogener Daten von Personen, die nicht \u00fcber Profil verf\u00fcgen und unsere Fanpage besuchen.<\/p><p>Die Daten\u00fcbertragung in die USA wird auf die Standard\u00advertragsklauseln der EU-Kommission gest\u00fctzt. Details finden Sie hier: <a href=\"https:\/\/www.facebook.com\/legal\/EU_data_transfer_addendum\" target=\"_blank\" rel=\"noopener\">https:\/\/www.facebook.com\/legal\/EU_data_transfer_addendum<\/a> \u00a0und <a href=\"https:\/\/de-de.facebook.com\/help\/566994660333381\" target=\"_blank\" rel=\"noopener\">https:\/\/de-de.facebook.com\/help\/566994660333381<\/a> .<\/p><p>\u00a7 10 Google-Dienste<\/p><p>1) Diese Website benutzt Google Analytics, einen Webanalysedienst der Google Inc. (\u201eGoogle\u201c) sowie den Google Tag Manager, welche Dienste und Ihre Einwilligung in deren Verwendung auf Google Servern speichert. Google Analytics verwendet sog. \u201eCookies\u201c, Textdateien, die auf Ihrem Computer gespeichert werden und die eine Analyse der Benutzung der Website durch Sie erm\u00f6glichen. Die durch den Cookie erzeugten Informationen \u00fcber Ihre Benutzung dieser Website werden in der Regel an einen Server von Google in den USA \u00fcbertragen und dort gespeichert. Im Falle der Aktivierung der IP-Anonymisierung auf dieser Website, wird Ihre IP-Adresse von Google jedoch innerhalb von Mitgliedstaaten der Europ\u00e4ischen Union oder in anderen Vertragsstaaten des Abkommens \u00fcber den Europ\u00e4ischen Wirtschaftsraum zuvor gek\u00fcrzt. Nur in Ausnahmef\u00e4llen wird die volle IP-Adresse an einen Server von Google in den USA \u00fcbertragen und dort gek\u00fcrzt. Im Auftrag des Betreibers dieser Website wird Google diese Informationen benutzen, um Ihre Nutzung der Website auszuwerten, um Reports \u00fcber die Website-Aktivit\u00e4ten zusammenzustellen und um weitere mit der Website-Nutzung und der Internetnutzung verbundene Dienstleistungen gegen\u00fcber dem Website-Betreiber zu erbringen.<br \/>Die im Rahmen der Verwendung von Google Analytics bzw. des Google Tech Managers von Ihrem Browser \u00fcbermittelte IP-Adresse wird nicht mit anderen Daten von Google zusammengef\u00fchrt.<br \/>Sie k\u00f6nnen die Speicherung der Cookies durch eine entsprechende Einstellung Ihrer Browser-Software verhindern; wir weisen Sie jedoch darauf hin, dass Sie in diesem Fall gegebenenfalls nicht s\u00e4mtliche Funktionen dieser Website vollumf\u00e4nglich werden nutzen k\u00f6nnen. Sie k\u00f6nnen dar\u00fcber hinaus die Erfassung der durch das Cookie erzeugten und auf Ihre Nutzung der Website bezogenen Daten (inkl. Ihrer IP-Adresse) an Google sowie die Verarbeitung dieser Daten durch Google verhindern, indem sie das unter dem folgenden Link verf\u00fcgbare Browser-Plug-in herunterladen und installieren:\u00a0<a href=\"http:\/\/tools.google.com\/dlpage\/gaoptout?hl=de\" target=\"_blank\" rel=\"noopener\">http:\/\/tools.google.com\/dlpage\/gaoptout?hl=de<\/a>.<br \/>This website uses Google Analytics with the \u201c_anonymizeIp()\u201d extension. As a result, IP addresses are processed in a shortened form, so that they can no longer be directly linked to a specific individual. To the extent that the data collected about you can be related to a person, such relation is immediately excluded and the personal data is therefore promptly deleted.<br \/>Wir nutzen Google Analytics, um die Nutzung unserer Website analysieren und regelm\u00e4\u00dfig verbessern zu k\u00f6nnen. \u00dcber die gewonnenen Statistiken k\u00f6nnen wir unser Angebot verbessern und f\u00fcr Sie als Nutzer interessanter ausgestalten. Wir nutzen Google Analytics nur nach Ihrem vorherigen Einverst\u00e4ndnis (Art. 6 Abs. 1 S. 1 lit. a DS-GVO).<br \/>Informationen des Drittanbieters: Google Dublin, Google Ireland Ltd., Gordon House, Barrow Street, Dublin 4, Ireland, Fax: +353 (1) 436 1001. Nutzerbedingungen:\u00a0<a href=\"http:\/\/www.google.com\/analytics\/terms\/de.html\" target=\"_blank\" rel=\"noopener\">http:\/\/www.google.com\/analytics\/terms\/de.html<\/a>, \u00dcbersicht zum Datenschutz:\u00a0<a href=\"http:\/\/www.google.com\/intl\/de\/analytics\/learn\/privacy.html\" target=\"_blank\" rel=\"noopener\">http:\/\/www.google.com\/intl\/de\/analytics\/learn\/privacy.html<\/a>, sowie die Datenschutzerkl\u00e4rung:\u00a0<a href=\"http:\/\/www.google.de\/intl\/de\/policies\/privacy\" target=\"_blank\" rel=\"noopener\">http:\/\/www.google.de\/intl\/de\/policies\/privacy<\/a>.<\/p><p>(2) Auf dieser Webseite nutzen mit Ihrer Einwilligung wir das Angebot von Google Maps inklusive den Dienst Google Storefinder. Dadurch k\u00f6nnen wir Ihnen interaktive Karten direkt in der Website anzeigen und erm\u00f6glichen Ihnen die komfortable Nutzung der Karten-Funktion, au\u00dferdem erm\u00f6glicht der Dienst Storefinder anhand Ihrer Geodaten, unsere n\u00e4chstgelegene Filiale zu Ihrem Standort anzuzeigen. Durch den Besuch auf der Website erh\u00e4lt Google die Information, dass Sie die entsprechende Unterseite unserer Website aufgerufen haben. Zudem werden Daten, die Sie und Ihr System erkennbar machen \u00fcbermittelt. Dies erfolgt unabh\u00e4ngig davon, ob Google ein Nutzerkonto bereitstellt, \u00fcber das Sie eingeloggt sind, oder ob kein Nutzerkonto besteht. Wenn Sie bei Google eingeloggt sind, werden Ihre Daten direkt Ihrem Konto zugeordnet. Wenn Sie die Zuordnung mit Ihrem Profil bei Google nicht w\u00fcnschen, m\u00fcssen Sie sich vor Aktivierung des Buttons ausloggen. Google speichert Ihre Daten als Nutzungsprofile und nutzt sie f\u00fcr Zwecke der Werbung, Marktforschung und\/oder bedarfsgerechten Gestaltung seiner Website. Eine solche Auswertung erfolgt insbesondere (selbst f\u00fcr nicht eingeloggte Nutzer) zur Erbringung von bedarfsgerechter Werbung und um andere Nutzer des sozialen Netzwerks \u00fcber Ihre Aktivit\u00e4ten auf unserer Website zu informieren. Ihnen steht ein Widerspruchsrecht zu gegen die Bildung dieser Nutzerprofile, wobei Sie sich zur Aus\u00fcbung dessen an Google richten m\u00fcssen. Weitere Informationen zu Zweck und Umfang der Datenerhebung und ihrer Verarbeitung durch den Plug-in-Anbieter erhalten Sie in den Datenschutzerkl\u00e4rungen des Anbieters. Dort erhalten Sie auch weitere Informationen zu Ihren diesbez\u00fcglichen Rechten und Einstellungsm\u00f6glichkeiten zum Schutze Ihrer Privatsph\u00e4re: <a href=\"http:\/\/www.google.de\/intl\/de\/policies\/privacy\" target=\"_blank\" rel=\"noopener\">http:\/\/www.google.de\/intl\/de\/policies\/privacy<\/a>. Google verarbeitet Ihre personenbezogenen Daten auch in den USA, wir nutzen den Dienst nur mit Ihrer Einwilligung.<\/p><p>\u00a711 Complianz<\/p><p>Wir nutzen das Consent-Management-Tool Complianz, einen Dienst der Complianz B.V., Kalmarweg 14-5, 9723 JG Groningen, Niederlande.<\/p><p>Der Einsatz von Complianz dient dazu, die Einwilligungen der Nutzer unserer Website zur Verarbeitung personenbezogener Daten f\u00fcr optionale Dienste einzuholen, zu verwalten und zu dokumentieren. Rechtsgrundlage f\u00fcr die Nutzung ist Art. 6 Abs. 1 lit. c DSGVO (Erf\u00fcllung rechtlicher Verpflichtungen) sowie Art. 6 Abs. 1 lit. f DSGVO (berechtigtes Interesse an einer rechtskonformen Einwilligungsverwaltung).<\/p><p>Im Rahmen der Nutzung von Complianz werden folgende Daten verarbeitet:<\/p><ul><li>Datum und Uhrzeit der Einwilligung<\/li><li>IP-Adresse (gek\u00fcrzt bzw. anonymisiert)<\/li><li>Browser-Informationen<\/li><li>Ger\u00e4teinformationen<\/li><li>Einwilligungsstatus und gew\u00e4hlte Pr\u00e4ferenzen<\/li><li>URL der besuchten Seite<\/li><\/ul><p>Die Speicherung erfolgt, um erteilte Einwilligungen nachweisen zu k\u00f6nnen und gesetzlichen Anforderungen zu entsprechen.<\/p><p>Weitere Informationen zur Datenverarbeitung durch Complianz finden Sie in der Datenschutzerkl\u00e4rung unter:<br \/><a href=\"https:\/\/complianz.io\/legal\/privacy-statement\/\" target=\"_blank\" rel=\"noopener\">https:\/\/complianz.io\/legal\/privacy-statement\/<\/a><\/p><p>Die Daten zu Ihren Einwilligungen werden so lange gespeichert, wie dies zur Erf\u00fcllung der gesetzlichen Nachweispflichten erforderlich ist.<\/p>\t\t\t\t\t\t\t\t<\/div>\n\t\t\t\t<\/div>\n\t\t\t\t\t<\/div>\n\t\t\t\t<\/div>\n\t\t\t\t<\/div>","protected":false},"excerpt":{"rendered":"<p>Datenschutzerkl\u00e4rung der Schlaeger-Gruppe \u00a71 Information \u00fcber die Erhebung personenbezogener Daten (1) Im Folgenden informieren wir \u00fcber die Erhebung personenbezogener Daten bei der Inanspruchnahme unserer Leistungen, bei Nutzung unserer Angebote und unserer Website, sowie \u00fcber die Datenverarbeitung im Arbeitsverh\u00e4ltnis. Personenbezogene Daten sind alle Daten, die auf Sie pers\u00f6nlich beziehbar sind, z. B. Name, Adresse, E-Mail-Adressen, Nutzerverhalten. [&hellip;]<\/p>\n","protected":false},"author":1,"featured_media":0,"parent":0,"menu_order":0,"comment_status":"closed","ping_status":"open","template":"","meta":{"footnotes":""},"class_list":["post-3","page","type-page","status-publish","hentry"],"_links":{"self":[{"href":"https:\/\/schlaeger.com\/en\/wp-json\/wp\/v2\/pages\/3","targetHints":{"allow":["GET"]}}],"collection":[{"href":"https:\/\/schlaeger.com\/en\/wp-json\/wp\/v2\/pages"}],"about":[{"href":"https:\/\/schlaeger.com\/en\/wp-json\/wp\/v2\/types\/page"}],"author":[{"embeddable":true,"href":"https:\/\/schlaeger.com\/en\/wp-json\/wp\/v2\/users\/1"}],"replies":[{"embeddable":true,"href":"https:\/\/schlaeger.com\/en\/wp-json\/wp\/v2\/comments?post=3"}],"version-history":[{"count":18,"href":"https:\/\/schlaeger.com\/en\/wp-json\/wp\/v2\/pages\/3\/revisions"}],"predecessor-version":[{"id":2017,"href":"https:\/\/schlaeger.com\/en\/wp-json\/wp\/v2\/pages\/3\/revisions\/2017"}],"wp:attachment":[{"href":"https:\/\/schlaeger.com\/en\/wp-json\/wp\/v2\/media?parent=3"}],"curies":[{"name":"wp","href":"https:\/\/api.w.org\/{rel}","templated":true}]}}